{"id":27837,"date":"2022-06-24T15:08:35","date_gmt":"2022-06-24T13:08:35","guid":{"rendered":"http:\/\/www.hapy-com.fr\/echoppe\/product\/paille-timex-2\/"},"modified":"2022-06-24T15:08:35","modified_gmt":"2022-06-24T13:08:35","slug":"paille-timex-2","status":"publish","type":"product","link":"https:\/\/www.hapy-com.fr\/echoppe\/product\/paille-timex-2\/","title":{"rendered":"Paille Timex"},"content":{"rendered":"<p>Eco-friendly. Paille en acier inoxydable r\u00e9utilisable et extensible avec embout en silicone. Goupillon de nettoyage inclus. Pr\u00e9sent\u00e9e dans un \u00e9tui de voyage transparent.<\/p>\n","protected":false},"excerpt":{"rendered":"<p>Eco-friendly. Paille en acier inoxydable r\u00e9utilisable et extensible avec embout en silicone. Goupillon de nettoyage inclus. Pr\u00e9sent\u00e9e dans un \u00e9tui de voyage transparent.<\/p>\n","protected":false},"featured_media":11187,"template":"","meta":[],"product_cat":[345],"product_tag":[],"class_list":{"0":"post-27837","1":"product","2":"type-product","3":"status-publish","4":"has-post-thumbnail","6":"product_cat-accessoires","8":"first","9":"instock","10":"shipping-taxable","11":"purchasable","12":"product-type-simple"},"_links":{"self":[{"href":"https:\/\/www.hapy-com.fr\/echoppe\/wp-json\/wp\/v2\/product\/27837","targetHints":{"allow":["GET"]}}],"collection":[{"href":"https:\/\/www.hapy-com.fr\/echoppe\/wp-json\/wp\/v2\/product"}],"about":[{"href":"https:\/\/www.hapy-com.fr\/echoppe\/wp-json\/wp\/v2\/types\/product"}],"wp:featuredmedia":[{"embeddable":true,"href":"https:\/\/www.hapy-com.fr\/echoppe\/wp-json\/wp\/v2\/media\/11187"}],"wp:attachment":[{"href":"https:\/\/www.hapy-com.fr\/echoppe\/wp-json\/wp\/v2\/media?parent=27837"}],"wp:term":[{"taxonomy":"product_cat","embeddable":true,"href":"https:\/\/www.hapy-com.fr\/echoppe\/wp-json\/wp\/v2\/product_cat?post=27837"},{"taxonomy":"product_tag","embeddable":true,"href":"https:\/\/www.hapy-com.fr\/echoppe\/wp-json\/wp\/v2\/product_tag?post=27837"}],"curies":[{"name":"wp","href":"https:\/\/api.w.org\/{rel}","templated":true}]}}