{"id":27841,"date":"2022-06-24T15:08:37","date_gmt":"2022-06-24T13:08:37","guid":{"rendered":"http:\/\/www.hapy-com.fr\/echoppe\/product\/paille-antibacterienne-ladix\/"},"modified":"2022-06-24T15:08:37","modified_gmt":"2022-06-24T13:08:37","slug":"paille-antibacterienne-ladix","status":"publish","type":"product","link":"https:\/\/www.hapy-com.fr\/echoppe\/product\/paille-antibacterienne-ladix\/","title":{"rendered":"Paille Antibact\u00e9rienne Ladix"},"content":{"rendered":"<p>Paille en silicone, longueur 25,5 cm. Flexible et r\u00e9utilisable, avec une finition solide. Pr\u00e9sent\u00e9 dans un \u00e9tui antibact\u00e9rien en PP avec une finition solide et dans un sac individuel.  Les produits avec des traitements antibact\u00e9riens sont capables de r\u00e9duire consid\u00e9rablement les niveaux bact\u00e9riens pr\u00e9sents sur les surfaces des mat\u00e9riaux, gr\u00e2ce \u00e0 l\u00b4ajout d\u00b4agents microbiens statiques permanents, avec une grande efficacit\u00e9 pour inhiber et pr\u00e9venir la contamination bact\u00e9rienne.  Article selon la norme ISO 22196, qui d\u00e9termine l\u00b4activit\u00e9 antibact\u00e9rienne des mati\u00e8res plastiques et des surfaces non poreuses. Cela nous permet de conna\u00eetre l\u00b4efficacit\u00e9 de l\u00b4inhibition microbienne des additifs sur les objets trait\u00e9s au moyen d\u00b4une \u00e9valuation quantitative.<\/p>\n","protected":false},"excerpt":{"rendered":"<p>Paille en silicone, longueur 25,5 cm. Flexible et r\u00e9utilisable, avec une finition solide. Pr\u00e9sent\u00e9 dans un \u00e9tui antibact\u00e9rien en PP avec une finition solide et dans un sac individuel. Les&#8230;<\/p>\n","protected":false},"featured_media":11194,"template":"","meta":[],"product_cat":[345],"product_tag":[],"class_list":{"0":"post-27841","1":"product","2":"type-product","3":"status-publish","4":"has-post-thumbnail","6":"product_cat-accessoires","8":"first","9":"instock","10":"shipping-taxable","11":"purchasable","12":"product-type-simple"},"_links":{"self":[{"href":"https:\/\/www.hapy-com.fr\/echoppe\/wp-json\/wp\/v2\/product\/27841","targetHints":{"allow":["GET"]}}],"collection":[{"href":"https:\/\/www.hapy-com.fr\/echoppe\/wp-json\/wp\/v2\/product"}],"about":[{"href":"https:\/\/www.hapy-com.fr\/echoppe\/wp-json\/wp\/v2\/types\/product"}],"wp:featuredmedia":[{"embeddable":true,"href":"https:\/\/www.hapy-com.fr\/echoppe\/wp-json\/wp\/v2\/media\/11194"}],"wp:attachment":[{"href":"https:\/\/www.hapy-com.fr\/echoppe\/wp-json\/wp\/v2\/media?parent=27841"}],"wp:term":[{"taxonomy":"product_cat","embeddable":true,"href":"https:\/\/www.hapy-com.fr\/echoppe\/wp-json\/wp\/v2\/product_cat?post=27841"},{"taxonomy":"product_tag","embeddable":true,"href":"https:\/\/www.hapy-com.fr\/echoppe\/wp-json\/wp\/v2\/product_tag?post=27841"}],"curies":[{"name":"wp","href":"https:\/\/api.w.org\/{rel}","templated":true}]}}