{"id":27846,"date":"2022-06-24T15:08:41","date_gmt":"2022-06-24T13:08:41","guid":{"rendered":"http:\/\/www.hapy-com.fr\/echoppe\/product\/glaciere-sindy-3\/"},"modified":"2022-06-24T15:08:41","modified_gmt":"2022-06-24T13:08:41","slug":"glaciere-sindy-3","status":"publish","type":"product","link":"https:\/\/www.hapy-com.fr\/echoppe\/product\/glaciere-sindy-3\/","title":{"rendered":"Glaci\u00e8re Sindy"},"content":{"rendered":"<p>R\u00e9frig\u00e9rateur tout-terrain en polyester 420D robuste, avec compartiment de fermeture \u00e9clair principale et poche avant avec fixation velcro. Isotherme int\u00e9rieur en PEVA, avec bandouli\u00e8re r\u00e9glable et mousqueton attelage. R\u00e9sistance jusqu\u2019\u00e0 8kg de poids.<\/p>\n","protected":false},"excerpt":{"rendered":"<p>R\u00e9frig\u00e9rateur tout-terrain en polyester 420D robuste, avec compartiment de fermeture \u00e9clair principale et poche avant avec fixation velcro. Isotherme int\u00e9rieur en PEVA, avec bandouli\u00e8re r\u00e9glable et mousqueton attelage. R\u00e9sistance jusqu\u2019\u00e0&#8230;<\/p>\n","protected":false},"featured_media":27845,"template":"","meta":[],"product_cat":[345],"product_tag":[],"class_list":{"0":"post-27846","1":"product","2":"type-product","3":"status-publish","4":"has-post-thumbnail","6":"product_cat-accessoires","8":"first","9":"instock","10":"shipping-taxable","11":"purchasable","12":"product-type-simple"},"_links":{"self":[{"href":"https:\/\/www.hapy-com.fr\/echoppe\/wp-json\/wp\/v2\/product\/27846","targetHints":{"allow":["GET"]}}],"collection":[{"href":"https:\/\/www.hapy-com.fr\/echoppe\/wp-json\/wp\/v2\/product"}],"about":[{"href":"https:\/\/www.hapy-com.fr\/echoppe\/wp-json\/wp\/v2\/types\/product"}],"wp:featuredmedia":[{"embeddable":true,"href":"https:\/\/www.hapy-com.fr\/echoppe\/wp-json\/wp\/v2\/media\/27845"}],"wp:attachment":[{"href":"https:\/\/www.hapy-com.fr\/echoppe\/wp-json\/wp\/v2\/media?parent=27846"}],"wp:term":[{"taxonomy":"product_cat","embeddable":true,"href":"https:\/\/www.hapy-com.fr\/echoppe\/wp-json\/wp\/v2\/product_cat?post=27846"},{"taxonomy":"product_tag","embeddable":true,"href":"https:\/\/www.hapy-com.fr\/echoppe\/wp-json\/wp\/v2\/product_tag?post=27846"}],"curies":[{"name":"wp","href":"https:\/\/api.w.org\/{rel}","templated":true}]}}