{"id":27853,"date":"2022-06-24T15:08:46","date_gmt":"2022-06-24T13:08:46","guid":{"rendered":"http:\/\/www.hapy-com.fr\/echoppe\/product\/sac-a-dos-glaciere-picnic-kazor\/"},"modified":"2022-06-24T15:08:46","modified_gmt":"2022-06-24T13:08:46","slug":"sac-a-dos-glaciere-picnic-kazor","status":"publish","type":"product","link":"https:\/\/www.hapy-com.fr\/echoppe\/product\/sac-a-dos-glaciere-picnic-kazor\/","title":{"rendered":"Sac \u00e0 Dos Glaci\u00e8re Picnic Kazor"},"content":{"rendered":"<p>Sac \u00e0 dos glaci\u00e8re de pique-nique Nature line, fabriqu\u00e9 en RPET 600D durable et de haute qualit\u00e9, produit \u00e0 partir de plastique recycl\u00e9 pour encourager la r\u00e9utilisation des d\u00e9chets plastiques et contribuer \u00e0 la durabilit\u00e9 de la plan\u00e8te. Id\u00e9al pour 2 personnes, avec une poche s\u00e9par\u00e9e pour un rangement s\u00fbr. Comprend 2 verres, 2 couteaux, 2 cuill\u00e8res, 2 fourchettes, 2 assiettes et 2 serviettes. Compartiment r\u00e9frig\u00e9rant avec int\u00e9rieur en PEVA et poign\u00e9e de transport confortable. Sangles et dos rembourr\u00e9s. Distinction RPET sur l\u00b4\u00e9tiquette.<\/p>\n","protected":false},"excerpt":{"rendered":"<p>Sac \u00e0 dos glaci\u00e8re de pique-nique Nature line, fabriqu\u00e9 en RPET 600D durable et de haute qualit\u00e9, produit \u00e0 partir de plastique recycl\u00e9 pour encourager la r\u00e9utilisation des d\u00e9chets plastiques&#8230;<\/p>\n","protected":false},"featured_media":11221,"template":"","meta":[],"product_cat":[345],"product_tag":[],"class_list":{"0":"post-27853","1":"product","2":"type-product","3":"status-publish","4":"has-post-thumbnail","6":"product_cat-accessoires","8":"first","9":"instock","10":"shipping-taxable","11":"purchasable","12":"product-type-simple"},"_links":{"self":[{"href":"https:\/\/www.hapy-com.fr\/echoppe\/wp-json\/wp\/v2\/product\/27853","targetHints":{"allow":["GET"]}}],"collection":[{"href":"https:\/\/www.hapy-com.fr\/echoppe\/wp-json\/wp\/v2\/product"}],"about":[{"href":"https:\/\/www.hapy-com.fr\/echoppe\/wp-json\/wp\/v2\/types\/product"}],"wp:featuredmedia":[{"embeddable":true,"href":"https:\/\/www.hapy-com.fr\/echoppe\/wp-json\/wp\/v2\/media\/11221"}],"wp:attachment":[{"href":"https:\/\/www.hapy-com.fr\/echoppe\/wp-json\/wp\/v2\/media?parent=27853"}],"wp:term":[{"taxonomy":"product_cat","embeddable":true,"href":"https:\/\/www.hapy-com.fr\/echoppe\/wp-json\/wp\/v2\/product_cat?post=27853"},{"taxonomy":"product_tag","embeddable":true,"href":"https:\/\/www.hapy-com.fr\/echoppe\/wp-json\/wp\/v2\/product_tag?post=27853"}],"curies":[{"name":"wp","href":"https:\/\/api.w.org\/{rel}","templated":true}]}}