{"id":27861,"date":"2022-06-24T15:38:42","date_gmt":"2022-06-24T13:38:42","guid":{"rendered":"http:\/\/www.hapy-com.fr\/echoppe\/product\/comptoir-daccueil-aluminium-aerobar-060\/"},"modified":"2022-06-24T15:38:42","modified_gmt":"2022-06-24T13:38:42","slug":"comptoir-daccueil-aluminium-aerobar-060","status":"publish","type":"product","link":"https:\/\/www.hapy-com.fr\/echoppe\/product\/comptoir-daccueil-aluminium-aerobar-060\/","title":{"rendered":"Comptoir d&rsquo;accueil aluminium AEROBAR 060"},"content":{"rendered":"<p>Ce comptoir d&rsquo;accueil personnalis\u00e9 et publicitaire en tubes aluminium est habill\u00e9 d\u2019une housse polyester imprim\u00e9e en sublimation num\u00e9rique haute d\u00e9finition. Mont\u00e9, il a une forme ovale. Le produit est livr\u00e9 non assembl\u00e9. L\u2019installation est simple gr\u00e2ce aux gaines silicones situ\u00e9es sur les contours inf\u00e9rieur et sup\u00e9rieur de la housse afin de la lier aux plateaux en bois noir. La structure est livr\u00e9e dans son sac de transport matelass\u00e9 en polyester Oxford (inclus)..Structure disponible sur stock dans notre entrep\u00f4t parisien, impression r\u00e9alis\u00e9e apr\u00e8s validation de la commande<\/p>\n","protected":false},"excerpt":{"rendered":"<p>Ce comptoir d&rsquo;accueil personnalis\u00e9 et publicitaire en tubes aluminium est habill\u00e9 d\u2019une housse polyester imprim\u00e9e en sublimation num\u00e9rique haute d\u00e9finition<\/p>\n","protected":false},"featured_media":0,"template":"","meta":[],"product_cat":[341],"product_tag":[367,368],"class_list":{"0":"post-27861","1":"product","2":"type-product","3":"status-publish","5":"product_cat-plv","6":"product_tag-comptoirs","7":"product_tag-daccueil","9":"first","10":"instock","11":"shipping-taxable","12":"purchasable","13":"product-type-simple"},"_links":{"self":[{"href":"https:\/\/www.hapy-com.fr\/echoppe\/wp-json\/wp\/v2\/product\/27861","targetHints":{"allow":["GET"]}}],"collection":[{"href":"https:\/\/www.hapy-com.fr\/echoppe\/wp-json\/wp\/v2\/product"}],"about":[{"href":"https:\/\/www.hapy-com.fr\/echoppe\/wp-json\/wp\/v2\/types\/product"}],"wp:attachment":[{"href":"https:\/\/www.hapy-com.fr\/echoppe\/wp-json\/wp\/v2\/media?parent=27861"}],"wp:term":[{"taxonomy":"product_cat","embeddable":true,"href":"https:\/\/www.hapy-com.fr\/echoppe\/wp-json\/wp\/v2\/product_cat?post=27861"},{"taxonomy":"product_tag","embeddable":true,"href":"https:\/\/www.hapy-com.fr\/echoppe\/wp-json\/wp\/v2\/product_tag?post=27861"}],"curies":[{"name":"wp","href":"https:\/\/api.w.org\/{rel}","templated":true}]}}