{"id":27862,"date":"2022-06-24T15:38:42","date_gmt":"2022-06-24T13:38:42","guid":{"rendered":"http:\/\/www.hapy-com.fr\/echoppe\/product\/barriere-personnalisable-80x200-cm-personnalisable-walomo\/"},"modified":"2022-06-24T22:41:17","modified_gmt":"2022-06-24T20:41:17","slug":"barriere-personnalisable-80x200-cm-personnalisable-walomo","status":"publish","type":"product","link":"https:\/\/www.hapy-com.fr\/echoppe\/product\/barriere-personnalisable-80x200-cm-personnalisable-walomo\/","title":{"rendered":"Barri\u00e8re Personnalisable 80&#215;200 cm personnalisable &#8211; WALOMO"},"content":{"rendered":"<p>Cette barri\u00e8re personnalisable d&rsquo;int\u00e9rieur offre une tr\u00e8s bonne stabilit\u00e9 gr\u00e2ce \u00e0 ses pieds bien ouverts. Son avantage principal r\u00e9side dans la possibilit\u00e9 d\u2019habiller la structure en impression num\u00e9rique sur le recto seul ou ou sur le recto\/verso (2 visuels diff\u00e9rents possibles). La housse recouvre la structure en aluminium. L\u2019ensemble s\u2019installe en 2 minutes et se range facilement dans le sac de transport fourni. Son poids l\u00e9ger en fait une structure facilement transportable. Utilisation int\u00e9rieure exclusivement.Notice de montage incluse dans le sac de transport..Structure disponible sur stock dans notre entrep\u00f4t parisien, impression r\u00e9alis\u00e9e apr\u00e8s validation de la commande<\/p>\n","protected":false},"excerpt":{"rendered":"<p>Cette barri\u00e8re personnalisable d&rsquo;int\u00e9rieur offre une tr\u00e8s bonne stabilit\u00e9 gr\u00e2ce \u00e0 ses pieds bien ouverts. Son avantage principal r\u00e9side dans la possibilit\u00e9<\/p>\n","protected":false},"featured_media":28049,"template":"","meta":[],"product_cat":[341],"product_tag":[371,370,372],"class_list":{"0":"post-27862","1":"product","2":"type-product","3":"status-publish","4":"has-post-thumbnail","6":"product_cat-plv","7":"product_tag-de","8":"product_tag-drapeaux","9":"product_tag-sol","11":"first","12":"instock","13":"shipping-taxable","14":"purchasable","15":"product-type-simple"},"_links":{"self":[{"href":"https:\/\/www.hapy-com.fr\/echoppe\/wp-json\/wp\/v2\/product\/27862","targetHints":{"allow":["GET"]}}],"collection":[{"href":"https:\/\/www.hapy-com.fr\/echoppe\/wp-json\/wp\/v2\/product"}],"about":[{"href":"https:\/\/www.hapy-com.fr\/echoppe\/wp-json\/wp\/v2\/types\/product"}],"wp:featuredmedia":[{"embeddable":true,"href":"https:\/\/www.hapy-com.fr\/echoppe\/wp-json\/wp\/v2\/media\/28049"}],"wp:attachment":[{"href":"https:\/\/www.hapy-com.fr\/echoppe\/wp-json\/wp\/v2\/media?parent=27862"}],"wp:term":[{"taxonomy":"product_cat","embeddable":true,"href":"https:\/\/www.hapy-com.fr\/echoppe\/wp-json\/wp\/v2\/product_cat?post=27862"},{"taxonomy":"product_tag","embeddable":true,"href":"https:\/\/www.hapy-com.fr\/echoppe\/wp-json\/wp\/v2\/product_tag?post=27862"}],"curies":[{"name":"wp","href":"https:\/\/api.w.org\/{rel}","templated":true}]}}