{"id":27866,"date":"2022-06-24T15:38:43","date_gmt":"2022-06-24T13:38:43","guid":{"rendered":"http:\/\/www.hapy-com.fr\/echoppe\/product\/photocall-dexterieur-100-personnalise-240x230cm-aeroside-240-u-know\/"},"modified":"2022-06-24T15:38:43","modified_gmt":"2022-06-24T13:38:43","slug":"photocall-dexterieur-100-personnalise-240x230cm-aeroside-240-u-know","status":"publish","type":"product","link":"https:\/\/www.hapy-com.fr\/echoppe\/product\/photocall-dexterieur-100-personnalise-240x230cm-aeroside-240-u-know\/","title":{"rendered":"Photocall d&rsquo;ext\u00e9rieur 100% personnalis\u00e9 240X230Cm AEROSIDE 240 &#8211; U-KNOW"},"content":{"rendered":"<p>Ce photocall est con\u00e7u pour l\u2019ext\u00e9rieur. Cette structure en tubes aluminium repose 2 pieds en polypropyl\u00e8ne de contenance 40L. Afin de diminuer la portance, la structure aluminium est mont\u00e9e sur des ressorts qui la relient au pied ; ces ressorts permettent au cadre aluminium de s\u2019incliner en fonction du vent si besoin. L\u2019habillage est r\u00e9alis\u00e9 dans une mati\u00e8re polyester 115g\/m\u00b2 ajour\u00e9e pour laisser passer le vent. L\u2019impression est r\u00e9alis\u00e9e d\u2019office en recto\/verso. Elle s\u2019enfile sur la structure comme une housse. Les structures r\u00e9sistent \u00e0 un vent maximum de force 7 (50kmh). Un pied de 40L p\u00e8se 1kg non rempli et 40kg rempli d\u2019eau. Les pieds disposent de roulettes pour les d\u00e9placer facilement une fois remplis avec son contenu.<br \/>\nLes structures sont livr\u00e9es dans leur sac de transport. Structure disponible sur stock, impression r\u00e9alis\u00e9e au moment de la validation de la commande.<\/p>\n","protected":false},"excerpt":{"rendered":"<p>Ce photocall est con\u00e7u pour l\u2019ext\u00e9rieur. Cette structure en tubes aluminium repose 2 pieds en polypropyl\u00e8ne de contenance 40L. Afin de diminuer la portance<\/p>\n","protected":false},"featured_media":0,"template":"","meta":[],"product_cat":[341],"product_tag":[373,366],"class_list":{"0":"post-27866","1":"product","2":"type-product","3":"status-publish","5":"product_cat-plv","6":"product_tag-droits","7":"product_tag-stands","9":"first","10":"instock","11":"shipping-taxable","12":"purchasable","13":"product-type-simple"},"_links":{"self":[{"href":"https:\/\/www.hapy-com.fr\/echoppe\/wp-json\/wp\/v2\/product\/27866","targetHints":{"allow":["GET"]}}],"collection":[{"href":"https:\/\/www.hapy-com.fr\/echoppe\/wp-json\/wp\/v2\/product"}],"about":[{"href":"https:\/\/www.hapy-com.fr\/echoppe\/wp-json\/wp\/v2\/types\/product"}],"wp:attachment":[{"href":"https:\/\/www.hapy-com.fr\/echoppe\/wp-json\/wp\/v2\/media?parent=27866"}],"wp:term":[{"taxonomy":"product_cat","embeddable":true,"href":"https:\/\/www.hapy-com.fr\/echoppe\/wp-json\/wp\/v2\/product_cat?post=27866"},{"taxonomy":"product_tag","embeddable":true,"href":"https:\/\/www.hapy-com.fr\/echoppe\/wp-json\/wp\/v2\/product_tag?post=27866"}],"curies":[{"name":"wp","href":"https:\/\/api.w.org\/{rel}","templated":true}]}}