{"id":27868,"date":"2022-06-24T15:38:43","date_gmt":"2022-06-24T13:38:43","guid":{"rendered":"http:\/\/www.hapy-com.fr\/echoppe\/product\/stand-noir-hd-85-x-200-cm-personnalisable-walomo\/"},"modified":"2022-06-24T15:38:43","modified_gmt":"2022-06-24T13:38:43","slug":"stand-noir-hd-85-x-200-cm-personnalisable-walomo","status":"publish","type":"product","link":"https:\/\/www.hapy-com.fr\/echoppe\/product\/stand-noir-hd-85-x-200-cm-personnalisable-walomo\/","title":{"rendered":"Stand Noir HD 85 x 200 cm personnalisable &#8211; WALOMO"},"content":{"rendered":"<p>Ce mur d&rsquo;images ou photocall de 120x230cm est un s\u00e9rieux rival au rollup traditionnel. Cette structure en aluminium noir offre un rendu de grande qualit\u00e9. Elle allie les atouts d\u2019une structure aluminium et la facilit\u00e9 d\u2019utilisation de l\u2019enrouleur.<br \/>\nSon avantage principal r\u00e9side dans la possibilit\u00e9 d\u2019habiller la structure de 2 fa\u00e7ons diff\u00e9rentes : la 1\u00e8re est une housse (ou chaussette) norme anti-feu B1 imprim\u00e9e en sublimation num\u00e9rique, la 2\u00e8me est une affiche imprim\u00e9e sur une b\u00e2che anti-feu norme B1 avec \u0153illets.<br \/>\nLes deux options sont disponibles en impression recto seul ou recto\/verso. La housse imprim\u00e9e en France recouvre la structure en aluminium. Quant \u00e0 l\u2019affiche en b\u00e2che, elle se fixe gr\u00e2ce aux \u0153illets aux quatre coins et laisse apparaitre la structure noire.<br \/>\nL\u2019ensemble s\u2019installe en 2 minutes et se range facilement dans le sac de transport fourni. Son poids l\u00e9ger en fait une structure facilement transportable. Utilisation int\u00e9rieure exclusivement.Notice de montage incluse dans le sac de transport..Structure disponible sur stock dans notre entrep\u00f4t parisien, impression r\u00e9alis\u00e9e apr\u00e8s validation de la commande<\/p>\n","protected":false},"excerpt":{"rendered":"<p>Ce mur d&rsquo;images ou photocall de 120x230cm est un s\u00e9rieux rival au rollup traditionnel. Cette structure en aluminium noir offre un rendu de grande qualit\u00e9. <\/p>\n","protected":false},"featured_media":0,"template":"","meta":[],"product_cat":[341],"product_tag":[375,374],"class_list":{"0":"post-27868","1":"product","2":"type-product","3":"status-publish","5":"product_cat-plv","6":"product_tag-dimage","7":"product_tag-murs","9":"first","10":"instock","11":"shipping-taxable","12":"purchasable","13":"product-type-simple"},"_links":{"self":[{"href":"https:\/\/www.hapy-com.fr\/echoppe\/wp-json\/wp\/v2\/product\/27868","targetHints":{"allow":["GET"]}}],"collection":[{"href":"https:\/\/www.hapy-com.fr\/echoppe\/wp-json\/wp\/v2\/product"}],"about":[{"href":"https:\/\/www.hapy-com.fr\/echoppe\/wp-json\/wp\/v2\/types\/product"}],"wp:attachment":[{"href":"https:\/\/www.hapy-com.fr\/echoppe\/wp-json\/wp\/v2\/media?parent=27868"}],"wp:term":[{"taxonomy":"product_cat","embeddable":true,"href":"https:\/\/www.hapy-com.fr\/echoppe\/wp-json\/wp\/v2\/product_cat?post=27868"},{"taxonomy":"product_tag","embeddable":true,"href":"https:\/\/www.hapy-com.fr\/echoppe\/wp-json\/wp\/v2\/product_tag?post=27868"}],"curies":[{"name":"wp","href":"https:\/\/api.w.org\/{rel}","templated":true}]}}