{"id":27869,"date":"2022-06-24T15:38:44","date_gmt":"2022-06-24T13:38:44","guid":{"rendered":"http:\/\/www.hapy-com.fr\/echoppe\/product\/stand-noir-hd-24-x-23-m-personnalisable-walomo\/"},"modified":"2022-06-24T15:38:44","modified_gmt":"2022-06-24T13:38:44","slug":"stand-noir-hd-24-x-23-m-personnalisable-walomo","status":"publish","type":"product","link":"https:\/\/www.hapy-com.fr\/echoppe\/product\/stand-noir-hd-24-x-23-m-personnalisable-walomo\/","title":{"rendered":"Stand Noir HD 2,4 x 2,3 m personnalisable &#8211; WALOMO"},"content":{"rendered":"<p>Ce photocall ou mur d&rsquo;images en aluminium noir offre un rendu de grande qualit\u00e9. Elle allie les atouts d\u2019une structure aluminium et la facilit\u00e9 d\u2019utilisation de l\u2019enrouleur.<br \/>\nSon avantage principal r\u00e9side dans la possibilit\u00e9 d\u2019habiller la structure en impression recto seul ou recto\/verso. La housse imprim\u00e9e en France (chaussette) recouvre la structure en aluminium. Le stand s\u2019installe en 2 minutes et se range facilement dans le sac de transport fourni. Son poids l\u00e9ger en fait une structure facilement transportable. Utilisation int\u00e9rieure exclusivement.Notice de montage incluse dans le sac de transport..Structure disponible sur stock dans notre entrep\u00f4t parisien, impression r\u00e9alis\u00e9e apr\u00e8s validation de la commande<\/p>\n","protected":false},"excerpt":{"rendered":"<p>Ce photocall ou mur d&rsquo;images en aluminium noir offre un rendu de grande qualit\u00e9. Elle allie les atouts d\u2019une structure aluminium et la facilit\u00e9 d\u2019utilisati<\/p>\n","protected":false},"featured_media":0,"template":"","meta":[],"product_cat":[341],"product_tag":[375,374],"class_list":{"0":"post-27869","1":"product","2":"type-product","3":"status-publish","5":"product_cat-plv","6":"product_tag-dimage","7":"product_tag-murs","9":"first","10":"instock","11":"shipping-taxable","12":"purchasable","13":"product-type-simple"},"_links":{"self":[{"href":"https:\/\/www.hapy-com.fr\/echoppe\/wp-json\/wp\/v2\/product\/27869","targetHints":{"allow":["GET"]}}],"collection":[{"href":"https:\/\/www.hapy-com.fr\/echoppe\/wp-json\/wp\/v2\/product"}],"about":[{"href":"https:\/\/www.hapy-com.fr\/echoppe\/wp-json\/wp\/v2\/types\/product"}],"wp:attachment":[{"href":"https:\/\/www.hapy-com.fr\/echoppe\/wp-json\/wp\/v2\/media?parent=27869"}],"wp:term":[{"taxonomy":"product_cat","embeddable":true,"href":"https:\/\/www.hapy-com.fr\/echoppe\/wp-json\/wp\/v2\/product_cat?post=27869"},{"taxonomy":"product_tag","embeddable":true,"href":"https:\/\/www.hapy-com.fr\/echoppe\/wp-json\/wp\/v2\/product_tag?post=27869"}],"curies":[{"name":"wp","href":"https:\/\/api.w.org\/{rel}","templated":true}]}}