{"id":27873,"date":"2022-06-24T15:38:44","date_gmt":"2022-06-24T13:38:44","guid":{"rendered":"http:\/\/www.hapy-com.fr\/echoppe\/product\/totem-a-air-pulse-280cm-personnalisable-walomo\/"},"modified":"2022-06-24T15:38:44","modified_gmt":"2022-06-24T13:38:44","slug":"totem-a-air-pulse-280cm-personnalisable-walomo","status":"publish","type":"product","link":"https:\/\/www.hapy-com.fr\/echoppe\/product\/totem-a-air-pulse-280cm-personnalisable-walomo\/","title":{"rendered":"Totem \u00e0 Air Puls\u00e9 280cm personnalisable &#8211; WALOMO"},"content":{"rendered":"<p>Contrairement au CAPTAIR, cette colonne n\u00e9cessite une alimentation \u00e9lectrique continue. Cette colonne est compos\u00e9e d\u2019une base soufflante en 220 V sur laquelle est mont\u00e9e par velcro une toile polyester trait\u00e9e anti-feu norme B1 et imprim\u00e9e en sublimation num\u00e9rique. La colonne prend forme en 50 secondes. La hauteur du visuel est modulable \u00e0 souhait. 4 spots \u00e0 LED situ\u00e9es dans la base soufflante r\u00e9tro-\u00e9clairent la colonne. La colonne est livr\u00e9e est dans son sac de transport (inclus)..Structure disponible sur stock dans notre entrep\u00f4t parisien, impression r\u00e9alis\u00e9e apr\u00e8s validation de la commande<\/p>\n","protected":false},"excerpt":{"rendered":"<p>Contrairement au CAPTAIR, cette colonne n\u00e9cessite une alimentation \u00e9lectrique continue. Cette colonne est compos\u00e9e d\u2019une base soufflante en 220 V sur laque<\/p>\n","protected":false},"featured_media":0,"template":"","meta":[],"product_cat":[341],"product_tag":[378],"class_list":{"0":"post-27873","1":"product","2":"type-product","3":"status-publish","5":"product_cat-plv","6":"product_tag-colonnes","8":"first","9":"instock","10":"shipping-taxable","11":"purchasable","12":"product-type-simple"},"_links":{"self":[{"href":"https:\/\/www.hapy-com.fr\/echoppe\/wp-json\/wp\/v2\/product\/27873","targetHints":{"allow":["GET"]}}],"collection":[{"href":"https:\/\/www.hapy-com.fr\/echoppe\/wp-json\/wp\/v2\/product"}],"about":[{"href":"https:\/\/www.hapy-com.fr\/echoppe\/wp-json\/wp\/v2\/types\/product"}],"wp:attachment":[{"href":"https:\/\/www.hapy-com.fr\/echoppe\/wp-json\/wp\/v2\/media?parent=27873"}],"wp:term":[{"taxonomy":"product_cat","embeddable":true,"href":"https:\/\/www.hapy-com.fr\/echoppe\/wp-json\/wp\/v2\/product_cat?post=27873"},{"taxonomy":"product_tag","embeddable":true,"href":"https:\/\/www.hapy-com.fr\/echoppe\/wp-json\/wp\/v2\/product_tag?post=27873"}],"curies":[{"name":"wp","href":"https:\/\/api.w.org\/{rel}","templated":true}]}}