{"id":27880,"date":"2022-06-24T15:38:45","date_gmt":"2022-06-24T13:38:45","guid":{"rendered":"http:\/\/www.hapy-com.fr\/echoppe\/product\/archgate-550-arche-publicitaire-walomo\/"},"modified":"2022-06-24T15:38:45","modified_gmt":"2022-06-24T13:38:45","slug":"archgate-550-arche-publicitaire-walomo","status":"publish","type":"product","link":"https:\/\/www.hapy-com.fr\/echoppe\/product\/archgate-550-arche-publicitaire-walomo\/","title":{"rendered":"ARCHGATE 550 &#8211; arche publicitaire &#8211; WALOMO"},"content":{"rendered":"<p>Arche d\u2019entr\u00e9e publicitaire personnalis\u00e9e de longueur 5.50m par 3.40m de haut (3.80m par 2.40m pour la ARCHGATE 380). Structure compos\u00e9e de m\u00e2ts en fibre de carbone qui s\u2019assemblent les uns dans les autres. La voile s\u2019ins\u00e8re dans le m\u00e2t comme un beach flag puis on fixe le m\u00e2t sur les pieds. Impression recto sur maille bloqu\u00e9e polyester 115g\/m\u00b2, visible au verso par transparence. Fourreau noir en Oxford 300D. La structure se monte comme un oriflamme et se fixe aux m\u00eames pieds (en option) que les oriflammes classiques. Arche parfaite pour identifier un espace de vente. Utilisation int\u00e9rieure ou ext\u00e9rieure.<\/p>\n","protected":false},"excerpt":{"rendered":"<p>Arche d\u2019entr\u00e9e publicitaire personnalis\u00e9e de longueur 5.50m par 3.40m de haut (3.80m par 2.40m pour la ARCHGATE 380). Structure compos\u00e9e de m\u00e2ts en fibre de carbone qui s\u2019assemblent les uns&#8230;<\/p>\n","protected":false},"featured_media":0,"template":"","meta":[],"product_cat":[341],"product_tag":[379,380],"class_list":{"0":"post-27880","1":"product","2":"type-product","3":"status-publish","5":"product_cat-plv","6":"product_tag-arche","7":"product_tag-publicitaire","9":"first","10":"instock","11":"shipping-taxable","12":"purchasable","13":"product-type-simple"},"_links":{"self":[{"href":"https:\/\/www.hapy-com.fr\/echoppe\/wp-json\/wp\/v2\/product\/27880","targetHints":{"allow":["GET"]}}],"collection":[{"href":"https:\/\/www.hapy-com.fr\/echoppe\/wp-json\/wp\/v2\/product"}],"about":[{"href":"https:\/\/www.hapy-com.fr\/echoppe\/wp-json\/wp\/v2\/types\/product"}],"wp:attachment":[{"href":"https:\/\/www.hapy-com.fr\/echoppe\/wp-json\/wp\/v2\/media?parent=27880"}],"wp:term":[{"taxonomy":"product_cat","embeddable":true,"href":"https:\/\/www.hapy-com.fr\/echoppe\/wp-json\/wp\/v2\/product_cat?post=27880"},{"taxonomy":"product_tag","embeddable":true,"href":"https:\/\/www.hapy-com.fr\/echoppe\/wp-json\/wp\/v2\/product_tag?post=27880"}],"curies":[{"name":"wp","href":"https:\/\/api.w.org\/{rel}","templated":true}]}}