{"id":27882,"date":"2022-06-24T15:38:46","date_gmt":"2022-06-24T13:38:46","guid":{"rendered":"http:\/\/www.hapy-com.fr\/echoppe\/product\/banderole-twill-sur-mesure\/"},"modified":"2022-06-24T15:38:46","modified_gmt":"2022-06-24T13:38:46","slug":"banderole-twill-sur-mesure","status":"publish","type":"product","link":"https:\/\/www.hapy-com.fr\/echoppe\/product\/banderole-twill-sur-mesure\/","title":{"rendered":"Banderole Twill sur mesure"},"content":{"rendered":"<p>La banderole KNITT est un must-have pour habiller des structures rigides existantes. La mati\u00e8re utilis\u00e9e est un polyester en maille bloqu\u00e9e 115g\/m\u00b2, micro-perfor\u00e9. L&rsquo;impression Haute D\u00e9finition est r\u00e9alis\u00e9e en num\u00e9rique permettant une personnalisation totale sur la surface de la b\u00e2che. L&rsquo;impression sur le recto est visible au verso par transparence. Id\u00e9al pour habiller les barri\u00e8res Heras car c&rsquo;est la banderole la plus l\u00e9g\u00e8re et donc la plus r\u00e9sistante au vent.  Ces banni\u00e8res publicitaires peuvent servir de kakemono en mettant un fourreau en haut et en bas, peuvent aussi habiller une barri\u00e8re de chantier Heras ou barri\u00e8re municipale Vauban par exemple ou tout autre support fixe qui sera li\u00e9 \u00e0 la banderole avec des des sandows, des Rilsan (disponibles en option). Finition au choix : oeillets, ourlets, sangles, D-ring. Ces banderoles sont con\u00e7ues pour \u00eatre sangl\u00e9es \u00e0 une barri\u00e8re, une rambarde ou tout autre support fixe qui sera li\u00e9 \u00e0 la banderole avec des \u0153illets, des sandows. 7 dimensions standard disponibles. Dimensions sur mesure possibles : nous contacter !<\/p>\n","protected":false},"excerpt":{"rendered":"<p>La banderole KNITT est un must-have pour habiller des structures rigides existantes. La mati\u00e8re utilis\u00e9e est un polyester en maille bloqu\u00e9e 115g\/m\u00b2, micro-<\/p>\n","protected":false},"featured_media":0,"template":"","meta":[],"product_cat":[341],"product_tag":[],"class_list":{"0":"post-27882","1":"product","2":"type-product","3":"status-publish","5":"product_cat-plv","7":"first","8":"instock","9":"shipping-taxable","10":"purchasable","11":"product-type-simple"},"_links":{"self":[{"href":"https:\/\/www.hapy-com.fr\/echoppe\/wp-json\/wp\/v2\/product\/27882","targetHints":{"allow":["GET"]}}],"collection":[{"href":"https:\/\/www.hapy-com.fr\/echoppe\/wp-json\/wp\/v2\/product"}],"about":[{"href":"https:\/\/www.hapy-com.fr\/echoppe\/wp-json\/wp\/v2\/types\/product"}],"wp:attachment":[{"href":"https:\/\/www.hapy-com.fr\/echoppe\/wp-json\/wp\/v2\/media?parent=27882"}],"wp:term":[{"taxonomy":"product_cat","embeddable":true,"href":"https:\/\/www.hapy-com.fr\/echoppe\/wp-json\/wp\/v2\/product_cat?post=27882"},{"taxonomy":"product_tag","embeddable":true,"href":"https:\/\/www.hapy-com.fr\/echoppe\/wp-json\/wp\/v2\/product_tag?post=27882"}],"curies":[{"name":"wp","href":"https:\/\/api.w.org\/{rel}","templated":true}]}}