{"id":27883,"date":"2022-06-24T15:38:46","date_gmt":"2022-06-24T13:38:46","guid":{"rendered":"http:\/\/www.hapy-com.fr\/echoppe\/product\/banderole-twill-sur-mesure-2\/"},"modified":"2022-06-24T15:38:46","modified_gmt":"2022-06-24T13:38:46","slug":"banderole-twill-sur-mesure-2","status":"publish","type":"product","link":"https:\/\/www.hapy-com.fr\/echoppe\/product\/banderole-twill-sur-mesure-2\/","title":{"rendered":"Banderole Twill sur mesure"},"content":{"rendered":"<p>La banderole publicitaire personnalis\u00e9e en PVC est un must-have pour habiller des structures rigides existantes. La mati\u00e8re utilis\u00e9e est un PVC 420g\/m\u00b2 trait\u00e9 anti-feu norme europ\u00e9enne B1. La b\u00e2che PVC est opaque et l&rsquo;impression Haute D\u00e9finition est r\u00e9alis\u00e9e en num\u00e9rique dans notre atelier fran\u00e7ais permettant une personnalisation totale sur la surface de la b\u00e2che. L&rsquo;impression est faite sur le recto et n&rsquo;est pas visible au verso. Attention,si grande prise au vent, pr\u00e9f\u00e9rez la banderole Knitt, plus l\u00e9g\u00e8re et micro-perfor\u00e9e. Ces b\u00e2ches peuvent servir de kakemono avec un fourreau en haut et en bas, mais sont aussi con\u00e7ues pour \u00eatre sangl\u00e9es \u00e0 une barri\u00e8re, une rambarde ou tout autre support fixe qui sera li\u00e9 \u00e0 la banderole avec des \u0153illets, des sandows. 8 dimensions standard disponibles. Attention : ces barri\u00e8res ne peuvent \u00eatre pli\u00e9es. Elles sont conditionn\u00e9es en rouleau. Dimensions sur mesure possibles : nous contacter !<br \/>\nEn savoir plus<\/p>\n","protected":false},"excerpt":{"rendered":"<p>La banderole publicitaire personnalis\u00e9e en PVC est un must-have pour habiller des structures rigides existantes. La mati\u00e8re utilis\u00e9e est un PVC 420g\/m\u00b2 tra<\/p>\n","protected":false},"featured_media":0,"template":"","meta":[],"product_cat":[341],"product_tag":[],"class_list":{"0":"post-27883","1":"product","2":"type-product","3":"status-publish","5":"product_cat-plv","7":"first","8":"instock","9":"shipping-taxable","10":"purchasable","11":"product-type-simple"},"_links":{"self":[{"href":"https:\/\/www.hapy-com.fr\/echoppe\/wp-json\/wp\/v2\/product\/27883","targetHints":{"allow":["GET"]}}],"collection":[{"href":"https:\/\/www.hapy-com.fr\/echoppe\/wp-json\/wp\/v2\/product"}],"about":[{"href":"https:\/\/www.hapy-com.fr\/echoppe\/wp-json\/wp\/v2\/types\/product"}],"wp:attachment":[{"href":"https:\/\/www.hapy-com.fr\/echoppe\/wp-json\/wp\/v2\/media?parent=27883"}],"wp:term":[{"taxonomy":"product_cat","embeddable":true,"href":"https:\/\/www.hapy-com.fr\/echoppe\/wp-json\/wp\/v2\/product_cat?post=27883"},{"taxonomy":"product_tag","embeddable":true,"href":"https:\/\/www.hapy-com.fr\/echoppe\/wp-json\/wp\/v2\/product_tag?post=27883"}],"curies":[{"name":"wp","href":"https:\/\/api.w.org\/{rel}","templated":true}]}}