{"id":27884,"date":"2022-06-24T15:38:46","date_gmt":"2022-06-24T13:38:46","guid":{"rendered":"http:\/\/www.hapy-com.fr\/echoppe\/product\/banderole-twill-sur-mesure-3\/"},"modified":"2022-06-24T15:38:46","modified_gmt":"2022-06-24T13:38:46","slug":"banderole-twill-sur-mesure-3","status":"publish","type":"product","link":"https:\/\/www.hapy-com.fr\/echoppe\/product\/banderole-twill-sur-mesure-3\/","title":{"rendered":"Banderole Twill sur mesure"},"content":{"rendered":"<p>La banderole Twill est un must-have pour habiller des structures rigides existantes. Cette banderole est imprim\u00e9e sur une mati\u00e8re 100% polyester twill 150g\/m\u00b2, d\u00e9perlante et lavable en machine \u00e0 froid. L&rsquo;impression est r\u00e9alis\u00e9e sur le recto en quadri num\u00e9rique HD dans notre atelier fran\u00e7ais sur l&rsquo;int\u00e9gralit\u00e9 de la surface. L&rsquo;impression n&rsquo;est pas visible au verso. Ces banni\u00e8res publicitaires peuvent servir de kakemono en mettant un fourreau en haut et en bas, peuvent aussi habiller une barri\u00e8re Heras ou Vauban par exemple ou tout autre support fixe qui sera li\u00e9 \u00e0 la banderole avec des des sandows, des Rilsan (disponibles en option). Finition au choix : oeillets, ourlets, sangles, D-ring. Dimensions enti\u00e8rement sur mesure possibles : nous contacter !<\/p>\n","protected":false},"excerpt":{"rendered":"<p>La banderole Twill est un must-have pour habiller des structures rigides existantes. Cette banderole est imprim\u00e9e sur une mati\u00e8re 100% polyester twill 150g<\/p>\n","protected":false},"featured_media":0,"template":"","meta":[],"product_cat":[341],"product_tag":[],"class_list":{"0":"post-27884","1":"product","2":"type-product","3":"status-publish","5":"product_cat-plv","7":"first","8":"instock","9":"shipping-taxable","10":"purchasable","11":"product-type-simple"},"_links":{"self":[{"href":"https:\/\/www.hapy-com.fr\/echoppe\/wp-json\/wp\/v2\/product\/27884","targetHints":{"allow":["GET"]}}],"collection":[{"href":"https:\/\/www.hapy-com.fr\/echoppe\/wp-json\/wp\/v2\/product"}],"about":[{"href":"https:\/\/www.hapy-com.fr\/echoppe\/wp-json\/wp\/v2\/types\/product"}],"wp:attachment":[{"href":"https:\/\/www.hapy-com.fr\/echoppe\/wp-json\/wp\/v2\/media?parent=27884"}],"wp:term":[{"taxonomy":"product_cat","embeddable":true,"href":"https:\/\/www.hapy-com.fr\/echoppe\/wp-json\/wp\/v2\/product_cat?post=27884"},{"taxonomy":"product_tag","embeddable":true,"href":"https:\/\/www.hapy-com.fr\/echoppe\/wp-json\/wp\/v2\/product_tag?post=27884"}],"curies":[{"name":"wp","href":"https:\/\/api.w.org\/{rel}","templated":true}]}}