{"id":27885,"date":"2022-06-24T15:38:46","date_gmt":"2022-06-24T13:38:46","guid":{"rendered":"http:\/\/www.hapy-com.fr\/echoppe\/product\/comptoir-daccueil-oval-personnalisable-walomo\/"},"modified":"2022-06-24T15:38:46","modified_gmt":"2022-06-24T13:38:46","slug":"comptoir-daccueil-oval-personnalisable-walomo","status":"publish","type":"product","link":"https:\/\/www.hapy-com.fr\/echoppe\/product\/comptoir-daccueil-oval-personnalisable-walomo\/","title":{"rendered":"Comptoir D&rsquo;Accueil Oval personnalisable &#8211; WALOMO"},"content":{"rendered":"<p>Le Bar Bacota est le comptoir d&rsquo;accueil personnalis\u00e9 et publicitaire le plus simple \u00e0 installer. Compos\u00e9 de deux plateaux m\u00e9lamin\u00e9s en haut et en bas, la banque d&rsquo;accueil est faite de cannelures en PVC sur laquelle l\u2019affiche en PVC encapsul\u00e9 vient se fixer par des bandes velcro. Le bar est livr\u00e9 semi-mont\u00e9 dans son sac de transport (inclus). L\u2019\u00e9tag\u00e8re centrale \u00e0 l\u2019int\u00e9rieur est en option..Structure disponible sur stock dans notre entrep\u00f4t parisien, impression r\u00e9alis\u00e9e apr\u00e8s validation de la commande<\/p>\n","protected":false},"excerpt":{"rendered":"<p>Le Bar Bacota est le comptoir d&rsquo;accueil personnalis\u00e9 et publicitaire le plus simple \u00e0 installer. Compos\u00e9 de deux plateaux m\u00e9lamin\u00e9s en haut et en bas, la b<\/p>\n","protected":false},"featured_media":0,"template":"","meta":[],"product_cat":[341],"product_tag":[367,368],"class_list":{"0":"post-27885","1":"product","2":"type-product","3":"status-publish","5":"product_cat-plv","6":"product_tag-comptoirs","7":"product_tag-daccueil","9":"first","10":"instock","11":"shipping-taxable","12":"purchasable","13":"product-type-simple"},"_links":{"self":[{"href":"https:\/\/www.hapy-com.fr\/echoppe\/wp-json\/wp\/v2\/product\/27885","targetHints":{"allow":["GET"]}}],"collection":[{"href":"https:\/\/www.hapy-com.fr\/echoppe\/wp-json\/wp\/v2\/product"}],"about":[{"href":"https:\/\/www.hapy-com.fr\/echoppe\/wp-json\/wp\/v2\/types\/product"}],"wp:attachment":[{"href":"https:\/\/www.hapy-com.fr\/echoppe\/wp-json\/wp\/v2\/media?parent=27885"}],"wp:term":[{"taxonomy":"product_cat","embeddable":true,"href":"https:\/\/www.hapy-com.fr\/echoppe\/wp-json\/wp\/v2\/product_cat?post=27885"},{"taxonomy":"product_tag","embeddable":true,"href":"https:\/\/www.hapy-com.fr\/echoppe\/wp-json\/wp\/v2\/product_tag?post=27885"}],"curies":[{"name":"wp","href":"https:\/\/api.w.org\/{rel}","templated":true}]}}