{"id":27886,"date":"2022-06-24T15:38:46","date_gmt":"2022-06-24T13:38:46","guid":{"rendered":"http:\/\/www.hapy-com.fr\/echoppe\/product\/comptoir-daccueil-velcro-personnalisable-walomo\/"},"modified":"2022-06-24T15:38:46","modified_gmt":"2022-06-24T13:38:46","slug":"comptoir-daccueil-velcro-personnalisable-walomo","status":"publish","type":"product","link":"https:\/\/www.hapy-com.fr\/echoppe\/product\/comptoir-daccueil-velcro-personnalisable-walomo\/","title":{"rendered":"Comptoir D&rsquo;Accueil Velcro personnalisable &#8211; WALOMO"},"content":{"rendered":"<p>Facile \u00e0 installer et d\u00e9monter, cette banque d&rsquo;accueil personnalis\u00e9e en aluminium est compos\u00e9e de tubes carr\u00e9s de diam\u00e8tre 12mm et se d\u00e9ploie en mode parapluie en 2 secondes. La tablette sup\u00e9rieure est arrondie sur la face avant. La tablette se plie en son milieu pour se ranger dans le sac de transport. Une tablette int\u00e9rieure est dans la m\u00eame finition. Le visuel du comptoir en polyester sublim\u00e9 230g\/m\u00b2 trait\u00e9e anti-feu norme europ\u00e9enne B1, est fix\u00e9 par un velcro de 5cm sur le contour. Le bar est livr\u00e9 semi-mont\u00e9 dans son sac de transport (inclus)..Structure disponible sur stock dans notre entrep\u00f4t parisien, impression r\u00e9alis\u00e9e apr\u00e8s validation de la commande<\/p>\n","protected":false},"excerpt":{"rendered":"<p>Facile \u00e0 installer et d\u00e9monter, cette banque d&rsquo;accueil personnalis\u00e9e en aluminium est compos\u00e9e de tubes carr\u00e9s de diam\u00e8tre 12mm et se d\u00e9ploie en mode parap<\/p>\n","protected":false},"featured_media":0,"template":"","meta":[],"product_cat":[341],"product_tag":[367,368],"class_list":{"0":"post-27886","1":"product","2":"type-product","3":"status-publish","5":"product_cat-plv","6":"product_tag-comptoirs","7":"product_tag-daccueil","9":"first","10":"instock","11":"shipping-taxable","12":"purchasable","13":"product-type-simple"},"_links":{"self":[{"href":"https:\/\/www.hapy-com.fr\/echoppe\/wp-json\/wp\/v2\/product\/27886","targetHints":{"allow":["GET"]}}],"collection":[{"href":"https:\/\/www.hapy-com.fr\/echoppe\/wp-json\/wp\/v2\/product"}],"about":[{"href":"https:\/\/www.hapy-com.fr\/echoppe\/wp-json\/wp\/v2\/types\/product"}],"wp:attachment":[{"href":"https:\/\/www.hapy-com.fr\/echoppe\/wp-json\/wp\/v2\/media?parent=27886"}],"wp:term":[{"taxonomy":"product_cat","embeddable":true,"href":"https:\/\/www.hapy-com.fr\/echoppe\/wp-json\/wp\/v2\/product_cat?post=27886"},{"taxonomy":"product_tag","embeddable":true,"href":"https:\/\/www.hapy-com.fr\/echoppe\/wp-json\/wp\/v2\/product_tag?post=27886"}],"curies":[{"name":"wp","href":"https:\/\/api.w.org\/{rel}","templated":true}]}}