{"id":27887,"date":"2022-06-24T15:38:46","date_gmt":"2022-06-24T13:38:46","guid":{"rendered":"http:\/\/www.hapy-com.fr\/echoppe\/product\/coussin-geant-180-x-150-cm-personnalisable-walomo\/"},"modified":"2022-06-24T15:38:46","modified_gmt":"2022-06-24T13:38:46","slug":"coussin-geant-180-x-150-cm-personnalisable-walomo","status":"publish","type":"product","link":"https:\/\/www.hapy-com.fr\/echoppe\/product\/coussin-geant-180-x-150-cm-personnalisable-walomo\/","title":{"rendered":"Coussin G\u00e9ant &#8211; 180 x 150 cm personnalisable &#8211; WALOMO"},"content":{"rendered":"<p>Ce grand coussin personnalis\u00e9 et publicitaire \u00e0 billes est r\u00e9alis\u00e9 en polyester Oxford avec une impression en sublimation num\u00e9rique sur toute la surface, recto et verso. Tr\u00e8s confortable, le coussin g\u00e9ant est constitu\u00e9 d\u2019un sac ind\u00e9pendant en non-tiss\u00e9 \u00e0 l\u2019int\u00e9rieur contenant les billes de polystyr\u00e8ne. De ce fait, la housse peut \u00eatre facilement lav\u00e9e ou chang\u00e9e. Le tout est livr\u00e9 mont\u00e9..Structure disponible sur stock dans notre entrep\u00f4t parisien, impression r\u00e9alis\u00e9e apr\u00e8s validation de la commande<\/p>\n","protected":false},"excerpt":{"rendered":"<p>Ce grand coussin personnalis\u00e9 et publicitaire \u00e0 billes est r\u00e9alis\u00e9 en polyester Oxford avec une impression en sublimation num\u00e9rique sur toute la surface, r<\/p>\n","protected":false},"featured_media":0,"template":"","meta":[],"product_cat":[341],"product_tag":[388,386,387,389],"class_list":{"0":"post-27887","1":"product","2":"type-product","3":"status-publish","5":"product_cat-plv","6":"product_tag-388","7":"product_tag-coussins","8":"product_tag-geants","9":"product_tag-poufs","11":"first","12":"instock","13":"shipping-taxable","14":"purchasable","15":"product-type-simple"},"_links":{"self":[{"href":"https:\/\/www.hapy-com.fr\/echoppe\/wp-json\/wp\/v2\/product\/27887","targetHints":{"allow":["GET"]}}],"collection":[{"href":"https:\/\/www.hapy-com.fr\/echoppe\/wp-json\/wp\/v2\/product"}],"about":[{"href":"https:\/\/www.hapy-com.fr\/echoppe\/wp-json\/wp\/v2\/types\/product"}],"wp:attachment":[{"href":"https:\/\/www.hapy-com.fr\/echoppe\/wp-json\/wp\/v2\/media?parent=27887"}],"wp:term":[{"taxonomy":"product_cat","embeddable":true,"href":"https:\/\/www.hapy-com.fr\/echoppe\/wp-json\/wp\/v2\/product_cat?post=27887"},{"taxonomy":"product_tag","embeddable":true,"href":"https:\/\/www.hapy-com.fr\/echoppe\/wp-json\/wp\/v2\/product_tag?post=27887"}],"curies":[{"name":"wp","href":"https:\/\/api.w.org\/{rel}","templated":true}]}}