{"id":27892,"date":"2022-06-24T15:38:48","date_gmt":"2022-06-24T13:38:48","guid":{"rendered":"http:\/\/www.hapy-com.fr\/echoppe\/product\/enseigne-lumineuse-pour-hall-daccueil-100x200cm-u-know\/"},"modified":"2022-06-24T15:38:48","modified_gmt":"2022-06-24T13:38:48","slug":"enseigne-lumineuse-pour-hall-daccueil-100x200cm-u-know","status":"publish","type":"product","link":"https:\/\/www.hapy-com.fr\/echoppe\/product\/enseigne-lumineuse-pour-hall-daccueil-100x200cm-u-know\/","title":{"rendered":"Enseigne Lumineuse pour Hall d&rsquo;accueil 100X200Cm &#8211; U-KNOW"},"content":{"rendered":"<p>Ce stand s\u00e9dentaire est con\u00e7u pour d\u00e9corer l\u2019accueil d\u2019une entreprise avec un support embl\u00e9matique, solide et \u00e9l\u00e9gant. Les LEDs int\u00e9rieures sont livr\u00e9s avec la structure. Elles permettent de capter le regard. Comme pour les SEG, il est vivement recommand\u00e9 de concevoir son visuel avec un fond fonc\u00e9 et le logo principal en r\u00e9serve afin de profiter du r\u00e9tro-\u00e9clairage permanent. L\u2019impression est r\u00e9alis\u00e9e sur une mati\u00e8re polyester 190g\/m\u00b2 diffusante au recto et au verso, l\u2019arri\u00e8re du stand devant \u00eatre couvert pour donner une lumi\u00e8re homog\u00e8ne. L\u2019impression est r\u00e9alis\u00e9e sur une mati\u00e8re polyester diffusante La structure est livr\u00e9e dans un caisson de transport \u00e0 roulettes, lui-m\u00eame livr\u00e9 sur palette. Le branchement \u00e9lectrique se fait sur une prise 220V classique. La structure se monte et se d\u00e9monte en une quinzaine de minutes. Poids : 30kg. Structure disponible sur stock, impression r\u00e9alis\u00e9e au moment de la validation de la commande.<\/p>\n","protected":false},"excerpt":{"rendered":"<p>Ce stand s\u00e9dentaire est con\u00e7u pour d\u00e9corer l\u2019accueil d\u2019une entreprise avec un support embl\u00e9matique, solide et \u00e9l\u00e9gant. Les LEDs int\u00e9rieures sont livr\u00e9s ave<\/p>\n","protected":false},"featured_media":0,"template":"","meta":[],"product_cat":[341],"product_tag":[373,366],"class_list":{"0":"post-27892","1":"product","2":"type-product","3":"status-publish","5":"product_cat-plv","6":"product_tag-droits","7":"product_tag-stands","9":"first","10":"instock","11":"shipping-taxable","12":"purchasable","13":"product-type-simple"},"_links":{"self":[{"href":"https:\/\/www.hapy-com.fr\/echoppe\/wp-json\/wp\/v2\/product\/27892","targetHints":{"allow":["GET"]}}],"collection":[{"href":"https:\/\/www.hapy-com.fr\/echoppe\/wp-json\/wp\/v2\/product"}],"about":[{"href":"https:\/\/www.hapy-com.fr\/echoppe\/wp-json\/wp\/v2\/types\/product"}],"wp:attachment":[{"href":"https:\/\/www.hapy-com.fr\/echoppe\/wp-json\/wp\/v2\/media?parent=27892"}],"wp:term":[{"taxonomy":"product_cat","embeddable":true,"href":"https:\/\/www.hapy-com.fr\/echoppe\/wp-json\/wp\/v2\/product_cat?post=27892"},{"taxonomy":"product_tag","embeddable":true,"href":"https:\/\/www.hapy-com.fr\/echoppe\/wp-json\/wp\/v2\/product_tag?post=27892"}],"curies":[{"name":"wp","href":"https:\/\/api.w.org\/{rel}","templated":true}]}}