{"id":27894,"date":"2022-06-24T15:38:48","date_gmt":"2022-06-24T13:38:48","guid":{"rendered":"http:\/\/www.hapy-com.fr\/echoppe\/product\/cadre-aluminium-60-x-160-cm-personnalisable-walomo\/"},"modified":"2022-06-24T15:38:48","modified_gmt":"2022-06-24T13:38:48","slug":"cadre-aluminium-60-x-160-cm-personnalisable-walomo","status":"publish","type":"product","link":"https:\/\/www.hapy-com.fr\/echoppe\/product\/cadre-aluminium-60-x-160-cm-personnalisable-walomo\/","title":{"rendered":"Cadre Aluminium 60 x 160 cm personnalisable &#8211; WALOMO"},"content":{"rendered":"<p>Ch\u00e2ssis aluminium pour toile polyester avec impression num\u00e9rique.<br \/>\nBande de silicone sur le contour du tissu, la fixation se fait par glissement du silicone dans la rainure du profil\u00e9 (voir zoom n\u00b01 et n\u00b02). Changement de visuel en moins de 1 minute..Structure disponible sur stock dans notre entrep\u00f4t parisien, impression r\u00e9alis\u00e9e apr\u00e8s validation de la commande<\/p>\n","protected":false},"excerpt":{"rendered":"<p>Ch\u00e2ssis aluminium pour toile polyester avec impression num\u00e9rique.<br \/>\nBande de silicone sur le contour du tissu, la fixation se fait par glissement du silicone<\/p>\n","protected":false},"featured_media":0,"template":"","meta":[],"product_cat":[341],"product_tag":[393,392],"class_list":{"0":"post-27894","1":"product","2":"type-product","3":"status-publish","5":"product_cat-plv","6":"product_tag-format","7":"product_tag-petit","9":"first","10":"instock","11":"shipping-taxable","12":"purchasable","13":"product-type-simple"},"_links":{"self":[{"href":"https:\/\/www.hapy-com.fr\/echoppe\/wp-json\/wp\/v2\/product\/27894","targetHints":{"allow":["GET"]}}],"collection":[{"href":"https:\/\/www.hapy-com.fr\/echoppe\/wp-json\/wp\/v2\/product"}],"about":[{"href":"https:\/\/www.hapy-com.fr\/echoppe\/wp-json\/wp\/v2\/types\/product"}],"wp:attachment":[{"href":"https:\/\/www.hapy-com.fr\/echoppe\/wp-json\/wp\/v2\/media?parent=27894"}],"wp:term":[{"taxonomy":"product_cat","embeddable":true,"href":"https:\/\/www.hapy-com.fr\/echoppe\/wp-json\/wp\/v2\/product_cat?post=27894"},{"taxonomy":"product_tag","embeddable":true,"href":"https:\/\/www.hapy-com.fr\/echoppe\/wp-json\/wp\/v2\/product_tag?post=27894"}],"curies":[{"name":"wp","href":"https:\/\/api.w.org\/{rel}","templated":true}]}}