{"id":27902,"date":"2022-06-24T15:38:50","date_gmt":"2022-06-24T13:38:50","guid":{"rendered":"http:\/\/www.hapy-com.fr\/echoppe\/product\/colonne-gonflable-modulable-120cm-personnalisable-walomo\/"},"modified":"2022-06-24T15:38:50","modified_gmt":"2022-06-24T13:38:50","slug":"colonne-gonflable-modulable-120cm-personnalisable-walomo","status":"publish","type":"product","link":"https:\/\/www.hapy-com.fr\/echoppe\/product\/colonne-gonflable-modulable-120cm-personnalisable-walomo\/","title":{"rendered":"Colonne gonflable modulable 120cm personnalisable &#8211; WALOMO"},"content":{"rendered":"<p>La colonne est constitu\u00e9e d\u2019une structure en PVC gonflable habill\u00e9e par une toile imprim\u00e9e en sublimation num\u00e9rique allover. L\u2019ensemble est li\u00e9e \u00e0 un socle lestable pour une utilisation en int\u00e9rieur et en ext\u00e9rieur. La colonne se gonfle par une valve en 50 secondes. Au centre du tube, un fourreau permet d\u2019ins\u00e9rer un bandeau de LED pour en faire une colonne lumineuse. Le produit est livr\u00e9 enti\u00e8rement assembl\u00e9\u00a0: il ne reste plus qu\u2019\u00e0 gonfler la colonne. Cette colonne ne n\u00e9cessite pas d\u2019alimentation \u00e9lectrique continue. Peu encombrante et l\u00e9g\u00e8re, ce produit est facilement transportable dans son sac (en option). Gonfleur \u00e9lectrique 150 W ou pompe manuelle en option..Structure disponible sur stock dans notre entrep\u00f4t parisien, impression r\u00e9alis\u00e9e apr\u00e8s validation de la commande<\/p>\n","protected":false},"excerpt":{"rendered":"<p>La colonne est constitu\u00e9e d\u2019une structure en PVC gonflable habill\u00e9e par une toile imprim\u00e9e en sublimation num\u00e9rique allover. L\u2019ensemble est li\u00e9e \u00e0 un socle<\/p>\n","protected":false},"featured_media":0,"template":"","meta":[],"product_cat":[341],"product_tag":[378],"class_list":{"0":"post-27902","1":"product","2":"type-product","3":"status-publish","5":"product_cat-plv","6":"product_tag-colonnes","8":"first","9":"instock","10":"shipping-taxable","11":"purchasable","12":"product-type-simple"},"_links":{"self":[{"href":"https:\/\/www.hapy-com.fr\/echoppe\/wp-json\/wp\/v2\/product\/27902","targetHints":{"allow":["GET"]}}],"collection":[{"href":"https:\/\/www.hapy-com.fr\/echoppe\/wp-json\/wp\/v2\/product"}],"about":[{"href":"https:\/\/www.hapy-com.fr\/echoppe\/wp-json\/wp\/v2\/types\/product"}],"wp:attachment":[{"href":"https:\/\/www.hapy-com.fr\/echoppe\/wp-json\/wp\/v2\/media?parent=27902"}],"wp:term":[{"taxonomy":"product_cat","embeddable":true,"href":"https:\/\/www.hapy-com.fr\/echoppe\/wp-json\/wp\/v2\/product_cat?post=27902"},{"taxonomy":"product_tag","embeddable":true,"href":"https:\/\/www.hapy-com.fr\/echoppe\/wp-json\/wp\/v2\/product_tag?post=27902"}],"curies":[{"name":"wp","href":"https:\/\/api.w.org\/{rel}","templated":true}]}}