{"id":27905,"date":"2022-06-24T15:38:50","date_gmt":"2022-06-24T13:38:50","guid":{"rendered":"http:\/\/www.hapy-com.fr\/echoppe\/product\/colonne-avec-gonfleur-integre-280cm-personnalisable-walomo\/"},"modified":"2022-06-24T15:38:50","modified_gmt":"2022-06-24T13:38:50","slug":"colonne-avec-gonfleur-integre-280cm-personnalisable-walomo","status":"publish","type":"product","link":"https:\/\/www.hapy-com.fr\/echoppe\/product\/colonne-avec-gonfleur-integre-280cm-personnalisable-walomo\/","title":{"rendered":"Colonne Avec Gonfleur Integr\u00e9 280cm personnalisable &#8211; WALOMO"},"content":{"rendered":"<p>Nouvelle colonne \/ totem avec gonfleur int\u00e9gr\u00e9 de hauteur 300cm et de diam\u00e8tre 60cm. Une pompe de gonflage et de d\u00e9gonflage de 150 Watts est int\u00e9gr\u00e9e au plateau bas de la structure. La colonne est livr\u00e9e enti\u00e8rement mont\u00e9e : vous n\u2019avez qu\u2019\u00e0 appuyer sur le bouton pour gonfler votre produit. Un branchement \u00e9lectrique est n\u00e9cessaire pour le montage de la colonne. Une fois la colonne gonfl\u00e9e, le c\u00e2ble se range \u00e0 l\u2019int\u00e9rieur de la structure et il n\u2019est plus n\u00e9cessaire d\u2019avoir une source de courant. Le visuel est imprim\u00e9 en sublimation sur une toile polyester en allover et est mont\u00e9 \u00e0 son extr\u00e9mit\u00e9 avec un joint en silicone pour fixer la toile au plateau inf\u00e9rieur. Utilisation int\u00e9rieure exclusivement..Structure disponible sur stock dans notre entrep\u00f4t parisien, impression r\u00e9alis\u00e9e apr\u00e8s validation de la commande<\/p>\n","protected":false},"excerpt":{"rendered":"<p>Nouvelle colonne \/ totem avec gonfleur int\u00e9gr\u00e9 de hauteur 300cm et de diam\u00e8tre 60cm. Une pompe de gonflage et de d\u00e9gonflage de 150 Watts est int\u00e9gr\u00e9e au pl<\/p>\n","protected":false},"featured_media":0,"template":"","meta":[],"product_cat":[341],"product_tag":[378],"class_list":{"0":"post-27905","1":"product","2":"type-product","3":"status-publish","5":"product_cat-plv","6":"product_tag-colonnes","8":"first","9":"instock","10":"shipping-taxable","11":"purchasable","12":"product-type-simple"},"_links":{"self":[{"href":"https:\/\/www.hapy-com.fr\/echoppe\/wp-json\/wp\/v2\/product\/27905","targetHints":{"allow":["GET"]}}],"collection":[{"href":"https:\/\/www.hapy-com.fr\/echoppe\/wp-json\/wp\/v2\/product"}],"about":[{"href":"https:\/\/www.hapy-com.fr\/echoppe\/wp-json\/wp\/v2\/types\/product"}],"wp:attachment":[{"href":"https:\/\/www.hapy-com.fr\/echoppe\/wp-json\/wp\/v2\/media?parent=27905"}],"wp:term":[{"taxonomy":"product_cat","embeddable":true,"href":"https:\/\/www.hapy-com.fr\/echoppe\/wp-json\/wp\/v2\/product_cat?post=27905"},{"taxonomy":"product_tag","embeddable":true,"href":"https:\/\/www.hapy-com.fr\/echoppe\/wp-json\/wp\/v2\/product_tag?post=27905"}],"curies":[{"name":"wp","href":"https:\/\/api.w.org\/{rel}","templated":true}]}}