{"id":27907,"date":"2022-06-24T15:38:51","date_gmt":"2022-06-24T13:38:51","guid":{"rendered":"http:\/\/www.hapy-com.fr\/echoppe\/product\/comptoir-gonflable-60-x-105cm-personnalisable-walomo\/"},"modified":"2022-06-24T15:38:51","modified_gmt":"2022-06-24T13:38:51","slug":"comptoir-gonflable-60-x-105cm-personnalisable-walomo","status":"publish","type":"product","link":"https:\/\/www.hapy-com.fr\/echoppe\/product\/comptoir-gonflable-60-x-105cm-personnalisable-walomo\/","title":{"rendered":"Comptoir Gonflable 60 x 105cm personnalisable &#8211; WALOMO"},"content":{"rendered":"<p>Nouveau comptoir \/ table haute gonflable \u00e0 air captif de hauteur 105cm et de diam\u00e8tre 60cm. Le produit est constitu\u00e9 d\u2019une structure gonflable recouverte d\u2019une toile polyester mont\u00e9e sur un plateau pvc en bas (et sur un autre plateau pvc en haut pour avoir un comptoir). Le montage s\u2019effectue en 1 minute. Repli\u00e9e, la colonne est facilement transportable puisque l\u00e9g\u00e8re et peu encombrante. Gonflage : une valve est positionn\u00e9e au centre du plateau inf\u00e9rieur pour le gonflage et le d\u00e9gonflage. Le visuel est fabriqu\u00e9 dans une toile 100% polyester trait\u00e9 anti-feu norme B1. La toile est imprim\u00e9e en sublimation all-over et est mont\u00e9e avec des joints en silicone \u00e0 l\u2019extr\u00e9mit\u00e9 pour fixer facilement la toile aux plateaux. lestage possible pour utilisation en ext\u00e9rieur..Structure disponible sur stock dans notre entrep\u00f4t parisien, impression r\u00e9alis\u00e9e apr\u00e8s validation de la commande<\/p>\n","protected":false},"excerpt":{"rendered":"<p>Nouveau comptoir \/ table haute gonflable \u00e0 air captif de hauteur 105cm et de diam\u00e8tre 60cm. Le produit est constitu\u00e9 d\u2019une structure gonflable recouverte d<\/p>\n","protected":false},"featured_media":0,"template":"","meta":[],"product_cat":[341],"product_tag":[378],"class_list":{"0":"post-27907","1":"product","2":"type-product","3":"status-publish","5":"product_cat-plv","6":"product_tag-colonnes","8":"first","9":"instock","10":"shipping-taxable","11":"purchasable","12":"product-type-simple"},"_links":{"self":[{"href":"https:\/\/www.hapy-com.fr\/echoppe\/wp-json\/wp\/v2\/product\/27907","targetHints":{"allow":["GET"]}}],"collection":[{"href":"https:\/\/www.hapy-com.fr\/echoppe\/wp-json\/wp\/v2\/product"}],"about":[{"href":"https:\/\/www.hapy-com.fr\/echoppe\/wp-json\/wp\/v2\/types\/product"}],"wp:attachment":[{"href":"https:\/\/www.hapy-com.fr\/echoppe\/wp-json\/wp\/v2\/media?parent=27907"}],"wp:term":[{"taxonomy":"product_cat","embeddable":true,"href":"https:\/\/www.hapy-com.fr\/echoppe\/wp-json\/wp\/v2\/product_cat?post=27907"},{"taxonomy":"product_tag","embeddable":true,"href":"https:\/\/www.hapy-com.fr\/echoppe\/wp-json\/wp\/v2\/product_tag?post=27907"}],"curies":[{"name":"wp","href":"https:\/\/api.w.org\/{rel}","templated":true}]}}