{"id":27912,"date":"2022-06-24T15:38:51","date_gmt":"2022-06-24T13:38:51","guid":{"rendered":"http:\/\/www.hapy-com.fr\/echoppe\/product\/comptoir-gonflable-haut-de-gamme-personnalisable-walomo\/"},"modified":"2022-06-24T15:38:51","modified_gmt":"2022-06-24T13:38:51","slug":"comptoir-gonflable-haut-de-gamme-personnalisable-walomo","status":"publish","type":"product","link":"https:\/\/www.hapy-com.fr\/echoppe\/product\/comptoir-gonflable-haut-de-gamme-personnalisable-walomo\/","title":{"rendered":"Comptoir Gonflable Haut de Gamme personnalisable &#8211; WALOMO"},"content":{"rendered":"<p>Cette table haute  \/ comptoir gonflable &#038; haut de gamme est bluffante. Dimensions : 50cm de diam\u00e8tre pour 104cm de hauteur. Elle est constitu\u00e9e d\u2019un tube gonflable en PVC habill\u00e9 d\u2019une toile polyester et de plateaux en medium noir. La toile est imprim\u00e9e en sublimation num\u00e9rique allover. L\u2019ensemble est li\u00e9 par deux zips en haut et en bas. La colonne se gonfle par une valve situ\u00e9e en bas au centre. Le produit est livr\u00e9 enti\u00e8rement assembl\u00e9 : il ne reste plus qu\u2019\u00e0 gonfler la colonne. Cette colonne ne n\u00e9cessite pas d\u2019alimentation \u00e9lectrique continue. Ce produit se transporte dans son sac (en option). Le gonfleur \u00e9lectrique 400 W ou la pompe manuelle (en option) conviendront parfaitement..Structure disponible sur stock dans notre entrep\u00f4t parisien, impression r\u00e9alis\u00e9e apr\u00e8s validation de la commande<\/p>\n","protected":false},"excerpt":{"rendered":"<p>Cette table haute  \/ comptoir gonflable &#038; haut de gamme est bluffante. Dimensions : 50cm de diam\u00e8tre pour 104cm de hauteur. Elle est constitu\u00e9e d\u2019un tube g<\/p>\n","protected":false},"featured_media":0,"template":"","meta":[],"product_cat":[341],"product_tag":[378],"class_list":{"0":"post-27912","1":"product","2":"type-product","3":"status-publish","5":"product_cat-plv","6":"product_tag-colonnes","8":"first","9":"instock","10":"shipping-taxable","11":"purchasable","12":"product-type-simple"},"_links":{"self":[{"href":"https:\/\/www.hapy-com.fr\/echoppe\/wp-json\/wp\/v2\/product\/27912","targetHints":{"allow":["GET"]}}],"collection":[{"href":"https:\/\/www.hapy-com.fr\/echoppe\/wp-json\/wp\/v2\/product"}],"about":[{"href":"https:\/\/www.hapy-com.fr\/echoppe\/wp-json\/wp\/v2\/types\/product"}],"wp:attachment":[{"href":"https:\/\/www.hapy-com.fr\/echoppe\/wp-json\/wp\/v2\/media?parent=27912"}],"wp:term":[{"taxonomy":"product_cat","embeddable":true,"href":"https:\/\/www.hapy-com.fr\/echoppe\/wp-json\/wp\/v2\/product_cat?post=27912"},{"taxonomy":"product_tag","embeddable":true,"href":"https:\/\/www.hapy-com.fr\/echoppe\/wp-json\/wp\/v2\/product_tag?post=27912"}],"curies":[{"name":"wp","href":"https:\/\/api.w.org\/{rel}","templated":true}]}}