{"id":27914,"date":"2022-06-24T15:38:52","date_gmt":"2022-06-24T13:38:52","guid":{"rendered":"http:\/\/www.hapy-com.fr\/echoppe\/product\/chaise-longue-personnalisee-en-bois-personnalisable-walomo\/"},"modified":"2022-06-24T15:38:52","modified_gmt":"2022-06-24T13:38:52","slug":"chaise-longue-personnalisee-en-bois-personnalisable-walomo","status":"publish","type":"product","link":"https:\/\/www.hapy-com.fr\/echoppe\/product\/chaise-longue-personnalisee-en-bois-personnalisable-walomo\/","title":{"rendered":"Chaise Longue Personnalis\u00e9e En Bois personnalisable &#8211; WALOMO"},"content":{"rendered":"<p>Cette chaise longue personnalis\u00e9e confortable en h\u00eatre massif respecte la norme FSC qui assure la gestion durable des for\u00eats. Gr\u00e2ce \u00e0 ses s\u00e9curit\u00e9s anti-pincements, elle r\u00e9pond aux normes fran\u00e7aises du CTBA (Centre Technique du Bois et de l\u2019Ameublement). La toile polyester imprim\u00e9e en sublimation num\u00e9rique ou en s\u00e9rigraphie, est interchangeable et lavable. Mati\u00e8re d\u00e9perlante : polyester twill 150g\/m\u00b2. Elle est livr\u00e9e mont\u00e9e sous polybag individuel. L\u2019assise personnalis\u00e9e peut \u00eatre facilement chang\u00e9e par l\u2019utilisateur. Carton de 2 pi\u00e8ces en option. Frais de port suppl\u00e9mentaires : nous consulter..Structure disponible sur stock dans notre entrep\u00f4t parisien, impression r\u00e9alis\u00e9e apr\u00e8s validation de la commande<\/p>\n","protected":false},"excerpt":{"rendered":"<p>Cette chaise longue personnalis\u00e9e confortable en h\u00eatre massif respecte la norme FSC qui assure la gestion durable des for\u00eats. Gr\u00e2ce \u00e0 ses s\u00e9curit\u00e9s anti-pi<\/p>\n","protected":false},"featured_media":0,"template":"","meta":[],"product_cat":[341],"product_tag":[388,396,398,397],"class_list":{"0":"post-27914","1":"product","2":"type-product","3":"status-publish","5":"product_cat-plv","6":"product_tag-388","7":"product_tag-chaises","8":"product_tag-chiliennes","9":"product_tag-longues","11":"first","12":"instock","13":"shipping-taxable","14":"purchasable","15":"product-type-simple"},"_links":{"self":[{"href":"https:\/\/www.hapy-com.fr\/echoppe\/wp-json\/wp\/v2\/product\/27914","targetHints":{"allow":["GET"]}}],"collection":[{"href":"https:\/\/www.hapy-com.fr\/echoppe\/wp-json\/wp\/v2\/product"}],"about":[{"href":"https:\/\/www.hapy-com.fr\/echoppe\/wp-json\/wp\/v2\/types\/product"}],"wp:attachment":[{"href":"https:\/\/www.hapy-com.fr\/echoppe\/wp-json\/wp\/v2\/media?parent=27914"}],"wp:term":[{"taxonomy":"product_cat","embeddable":true,"href":"https:\/\/www.hapy-com.fr\/echoppe\/wp-json\/wp\/v2\/product_cat?post=27914"},{"taxonomy":"product_tag","embeddable":true,"href":"https:\/\/www.hapy-com.fr\/echoppe\/wp-json\/wp\/v2\/product_tag?post=27914"}],"curies":[{"name":"wp","href":"https:\/\/api.w.org\/{rel}","templated":true}]}}