{"id":27915,"date":"2022-06-24T15:38:52","date_gmt":"2022-06-24T13:38:52","guid":{"rendered":"http:\/\/www.hapy-com.fr\/echoppe\/product\/couverture-pour-barriere-vauban-personnalisable-walomo\/"},"modified":"2022-06-24T15:38:52","modified_gmt":"2022-06-24T13:38:52","slug":"couverture-pour-barriere-vauban-personnalisable-walomo","status":"publish","type":"product","link":"https:\/\/www.hapy-com.fr\/echoppe\/product\/couverture-pour-barriere-vauban-personnalisable-walomo\/","title":{"rendered":"Couverture Pour Barri\u00e8re Vauban personnalisable &#8211; WALOMO"},"content":{"rendered":"<p>Couverture double-face pour barri\u00e8re municipale Vauban fournie par les collectivit\u00e9s. Mati\u00e8re 100% polyester Spandex 260 g \/ m\u00b2. La mati\u00e8re contient de l&rsquo;elasthanne et devient donc plus facile \u00e0 installer. La barri\u00e8re est cousue sur tout le contour sauf sur les emplacements destin\u00e9s aux accroches pour relier les barri\u00e8res entre elles. Impression en sublimation num\u00e9rique allover. \u0152illets sur le bas possibles sans surco\u00fbt. Dimensions disponibles : 80 x 200 cm et 80 x 250cm.<\/p>\n","protected":false},"excerpt":{"rendered":"<p>Couverture double-face pour barri\u00e8re municipale Vauban fournie par les collectivit\u00e9s. Mati\u00e8re 100% polyester Spandex 260 g \/ m\u00b2. La mati\u00e8re contient de l&rsquo;e<\/p>\n","protected":false},"featured_media":0,"template":"","meta":[],"product_cat":[341],"product_tag":[399],"class_list":{"0":"post-27915","1":"product","2":"type-product","3":"status-publish","5":"product_cat-plv","6":"product_tag-nappes","8":"first","9":"instock","10":"shipping-taxable","11":"purchasable","12":"product-type-simple"},"_links":{"self":[{"href":"https:\/\/www.hapy-com.fr\/echoppe\/wp-json\/wp\/v2\/product\/27915","targetHints":{"allow":["GET"]}}],"collection":[{"href":"https:\/\/www.hapy-com.fr\/echoppe\/wp-json\/wp\/v2\/product"}],"about":[{"href":"https:\/\/www.hapy-com.fr\/echoppe\/wp-json\/wp\/v2\/types\/product"}],"wp:attachment":[{"href":"https:\/\/www.hapy-com.fr\/echoppe\/wp-json\/wp\/v2\/media?parent=27915"}],"wp:term":[{"taxonomy":"product_cat","embeddable":true,"href":"https:\/\/www.hapy-com.fr\/echoppe\/wp-json\/wp\/v2\/product_cat?post=27915"},{"taxonomy":"product_tag","embeddable":true,"href":"https:\/\/www.hapy-com.fr\/echoppe\/wp-json\/wp\/v2\/product_tag?post=27915"}],"curies":[{"name":"wp","href":"https:\/\/api.w.org\/{rel}","templated":true}]}}