{"id":27917,"date":"2022-06-24T15:38:52","date_gmt":"2022-06-24T13:38:52","guid":{"rendered":"http:\/\/www.hapy-com.fr\/echoppe\/product\/cube-en-mousse-48x48x48cm-personnalisable-walomo\/"},"modified":"2022-06-24T15:38:52","modified_gmt":"2022-06-24T13:38:52","slug":"cube-en-mousse-48x48x48cm-personnalisable-walomo","status":"publish","type":"product","link":"https:\/\/www.hapy-com.fr\/echoppe\/product\/cube-en-mousse-48x48x48cm-personnalisable-walomo\/","title":{"rendered":"Cube En mousse 48x48x48cm personnalisable &#8211; WALOMO"},"content":{"rendered":"<p>Cube personnalis\u00e9 48x48x48cm en mousse  haute densit\u00e9 24KG\/m3 en 65 Kpa. La toile en polyester imprim\u00e9e en sublimation recouvre les 6 faces du cube. Fermeture par zip sur une des ar\u00eates du cube. Possibilit\u00e9 de personnaliser diff\u00e9remment les 6 faces du cube pour une communication 100% personnalis\u00e9e. Possibilit\u00e9 d&rsquo;agencer les cubes les uns sur les autres pour cr\u00e9er une identit\u00e9 visuelle forte. Les cubes peuvent accueillir deux personnes assises. La mousse ne se d\u00e9forme pas. Le montage se fait en 10 secondes. Des frais de port suppl\u00e9mentaires peuvent \u00eatre soumis en raison du grand volume de ces cubes. Emballage carton individuel en option..Structure disponible sur stock dans notre entrep\u00f4t parisien, impression r\u00e9alis\u00e9e apr\u00e8s validation de la commande<\/p>\n","protected":false},"excerpt":{"rendered":"<p>Cube personnalis\u00e9 48x48x48cm en mousse  haute densit\u00e9 24KG\/m3 en 65 Kpa. La toile en polyester imprim\u00e9e en sublimation recouvre les 6 faces du cube. Fermet<\/p>\n","protected":false},"featured_media":0,"template":"","meta":[],"product_cat":[341],"product_tag":[382,383,384],"class_list":{"0":"post-27917","1":"product","2":"type-product","3":"status-publish","5":"product_cat-plv","6":"product_tag-cubes","7":"product_tag-en","8":"product_tag-mousse","10":"first","11":"instock","12":"shipping-taxable","13":"purchasable","14":"product-type-simple"},"_links":{"self":[{"href":"https:\/\/www.hapy-com.fr\/echoppe\/wp-json\/wp\/v2\/product\/27917","targetHints":{"allow":["GET"]}}],"collection":[{"href":"https:\/\/www.hapy-com.fr\/echoppe\/wp-json\/wp\/v2\/product"}],"about":[{"href":"https:\/\/www.hapy-com.fr\/echoppe\/wp-json\/wp\/v2\/types\/product"}],"wp:attachment":[{"href":"https:\/\/www.hapy-com.fr\/echoppe\/wp-json\/wp\/v2\/media?parent=27917"}],"wp:term":[{"taxonomy":"product_cat","embeddable":true,"href":"https:\/\/www.hapy-com.fr\/echoppe\/wp-json\/wp\/v2\/product_cat?post=27917"},{"taxonomy":"product_tag","embeddable":true,"href":"https:\/\/www.hapy-com.fr\/echoppe\/wp-json\/wp\/v2\/product_tag?post=27917"}],"curies":[{"name":"wp","href":"https:\/\/api.w.org\/{rel}","templated":true}]}}