{"id":27918,"date":"2022-06-24T15:38:53","date_gmt":"2022-06-24T13:38:53","guid":{"rendered":"http:\/\/www.hapy-com.fr\/echoppe\/product\/curved-wall-stand-courbe-aluminium-walomo\/"},"modified":"2022-06-24T15:38:53","modified_gmt":"2022-06-24T13:38:53","slug":"curved-wall-stand-courbe-aluminium-walomo","status":"publish","type":"product","link":"https:\/\/www.hapy-com.fr\/echoppe\/product\/curved-wall-stand-courbe-aluminium-walomo\/","title":{"rendered":"CURVED WALL\/STAND COURBE ALUMINIUM &#8211; WALOMO"},"content":{"rendered":"<p>Mur d&rsquo;image ou photocall de 310cm de large par 245cm de haut est constitu\u00e9 d&rsquo;une structure tubulaire en aluminium. Le montage est facile et se fait en 5 minutes : les pictogrammes de couleur permettent d&rsquo;assembler la totalit\u00e9 de la structure. La toile en polyester 270g\/m\u00b2 trait\u00e9e anti-feu B1 est imprim\u00e9e en sublimation num\u00e9rique haute d\u00e9finition et se monte ensuite comme une housse (chaussette). Une impression recto-verso est possible. L&rsquo;ensemble est livr\u00e9 dans son sac de transport. Structure disponible sur stock, impression r\u00e9alis\u00e9e apr\u00e8s validation de la commande<\/p>\n","protected":false},"excerpt":{"rendered":"<p>Stand courb\u00e9 en aluminium avec impression num\u00e9rique. Recto Verso possible. La toile est trait\u00e9e anti feu (norme B1). Facilement montable.<\/p>\n","protected":false},"featured_media":0,"template":"","meta":[],"product_cat":[341],"product_tag":[402,401,400],"class_list":{"0":"post-27918","1":"product","2":"type-product","3":"status-publish","5":"product_cat-plv","6":"product_tag-402","7":"product_tag-courbe","8":"product_tag-stand","10":"first","11":"instock","12":"shipping-taxable","13":"purchasable","14":"product-type-simple"},"_links":{"self":[{"href":"https:\/\/www.hapy-com.fr\/echoppe\/wp-json\/wp\/v2\/product\/27918","targetHints":{"allow":["GET"]}}],"collection":[{"href":"https:\/\/www.hapy-com.fr\/echoppe\/wp-json\/wp\/v2\/product"}],"about":[{"href":"https:\/\/www.hapy-com.fr\/echoppe\/wp-json\/wp\/v2\/types\/product"}],"wp:attachment":[{"href":"https:\/\/www.hapy-com.fr\/echoppe\/wp-json\/wp\/v2\/media?parent=27918"}],"wp:term":[{"taxonomy":"product_cat","embeddable":true,"href":"https:\/\/www.hapy-com.fr\/echoppe\/wp-json\/wp\/v2\/product_cat?post=27918"},{"taxonomy":"product_tag","embeddable":true,"href":"https:\/\/www.hapy-com.fr\/echoppe\/wp-json\/wp\/v2\/product_tag?post=27918"}],"curies":[{"name":"wp","href":"https:\/\/api.w.org\/{rel}","templated":true}]}}