{"id":27921,"date":"2022-06-24T15:38:54","date_gmt":"2022-06-24T13:38:54","guid":{"rendered":"http:\/\/www.hapy-com.fr\/echoppe\/product\/drapeau-de-supporter-44-x-30-cm-personnalisable-walomo\/"},"modified":"2022-06-25T11:18:36","modified_gmt":"2022-06-25T09:18:36","slug":"drapeau-de-supporter-44-x-30-cm-personnalisable-walomo","status":"publish","type":"product","link":"https:\/\/www.hapy-com.fr\/echoppe\/product\/drapeau-de-supporter-44-x-30-cm-personnalisable-walomo\/","title":{"rendered":"Drapeau de Supporter 44 x 30 cm personnalisable &#8211; WALOMO"},"content":{"rendered":"<p>Drapeaux 44x30cm personnalis\u00e9s pour les supports. Drapeaux \u00e0 agiter pour stade ou comp\u00e9titions sportives. Le drapeau est imprim\u00e9 sur une mati\u00e8re 100% polyester 100D, sur le recto visible au verso par transparence. Impression quadri num\u00e9rique ou en s\u00e9rigraphie. Hampe PVC souple 60cm. Sp\u00e9cial stade. Autres formats et finitions sur devis.<\/p>\n","protected":false},"excerpt":{"rendered":"<p>Drapeaux 44x30cm personnalis\u00e9s pour les supports. Drapeaux \u00e0 agiter pour stade ou comp\u00e9titions sportives. Le drapeau est imprim\u00e9 sur une mati\u00e8re 100% polye<\/p>\n","protected":false},"featured_media":28349,"template":"","meta":[],"product_cat":[341],"product_tag":[371,370,403],"class_list":{"0":"post-27921","1":"product","2":"type-product","3":"status-publish","4":"has-post-thumbnail","6":"product_cat-plv","7":"product_tag-de","8":"product_tag-drapeaux","9":"product_tag-supporter","11":"first","12":"instock","13":"shipping-taxable","14":"purchasable","15":"product-type-simple"},"_links":{"self":[{"href":"https:\/\/www.hapy-com.fr\/echoppe\/wp-json\/wp\/v2\/product\/27921","targetHints":{"allow":["GET"]}}],"collection":[{"href":"https:\/\/www.hapy-com.fr\/echoppe\/wp-json\/wp\/v2\/product"}],"about":[{"href":"https:\/\/www.hapy-com.fr\/echoppe\/wp-json\/wp\/v2\/types\/product"}],"wp:featuredmedia":[{"embeddable":true,"href":"https:\/\/www.hapy-com.fr\/echoppe\/wp-json\/wp\/v2\/media\/28349"}],"wp:attachment":[{"href":"https:\/\/www.hapy-com.fr\/echoppe\/wp-json\/wp\/v2\/media?parent=27921"}],"wp:term":[{"taxonomy":"product_cat","embeddable":true,"href":"https:\/\/www.hapy-com.fr\/echoppe\/wp-json\/wp\/v2\/product_cat?post=27921"},{"taxonomy":"product_tag","embeddable":true,"href":"https:\/\/www.hapy-com.fr\/echoppe\/wp-json\/wp\/v2\/product_tag?post=27921"}],"curies":[{"name":"wp","href":"https:\/\/api.w.org\/{rel}","templated":true}]}}