{"id":27928,"date":"2022-06-24T15:38:55","date_gmt":"2022-06-24T13:38:55","guid":{"rendered":"http:\/\/www.hapy-com.fr\/echoppe\/product\/oriflamme-flying-4m80-personnalisable-walomo\/"},"modified":"2022-06-25T11:25:16","modified_gmt":"2022-06-25T09:25:16","slug":"oriflamme-flying-4m80-personnalisable-walomo","status":"publish","type":"product","link":"https:\/\/www.hapy-com.fr\/echoppe\/product\/oriflamme-flying-4m80-personnalisable-walomo\/","title":{"rendered":"Oriflamme Flying 4M80 personnalisable &#8211; WALOMO"},"content":{"rendered":"<p>Beach flag goutte d&rsquo;eau de 4,8m de hauteur. Voile oriflamme en mati\u00e8re 100% polyester 115g\/m\u00b2. 2 techniques d&rsquo;impressions possibles : num\u00e9rique ou s\u00e9rigraphique (MOQ de 50 pcs en s\u00e9rigraphie). En impression recto seul, le visuel est visible sur l&rsquo;autre c\u00f4t\u00e9 par transparence. En impression num\u00e9rique, il est possible d&rsquo;imprimer en recto\/verso ; une feuille occultante ins\u00e9r\u00e9e entre les deux c\u00f4t\u00e9s permet d&rsquo;avoir une meilleure lisbilit\u00e9. Le fourreau noir de la voile est renforc\u00e9 et fabriqu\u00e9 dans un polyester Oxford 300 D. Le m\u00e2t est en fibre de carbone (tr\u00e8s r\u00e9sistant). Les m\u00e2ts se fixent sur tous les pieds de la m\u00eame mani\u00e8re. L&rsquo;axe de rotation pr\u00e9sent sur les pieds pivote \u00e0 360\u00b0. Les voiles se tendent sur tous les m\u00e2ts gr\u00e2ce \u00e0 un \u00e9lastique. Utilisation int\u00e9rieure et ext\u00e9rieure. Garanti pour un vent inf\u00e9rieur \u00e0 70 km\/h..Structure disponible sur stock dans notre entrep\u00f4t parisien, impression r\u00e9alis\u00e9e apr\u00e8s validation de la commande<\/p>\n","protected":false},"excerpt":{"rendered":"<p>Beach flag goutte d&rsquo;eau de 4,8m de hauteur. Voile oriflamme en mati\u00e8re 100% polyester 115g\/m\u00b2. 2 techniques d&rsquo;impressions possibles : num\u00e9rique ou s\u00e9rigrap<\/p>\n","protected":false},"featured_media":28361,"template":"","meta":[],"product_cat":[341],"product_tag":[412,413,415,414,411,408],"class_list":{"0":"post-27928","1":"product","2":"type-product","3":"status-publish","4":"has-post-thumbnail","6":"product_cat-plv","7":"product_tag-entre","8":"product_tag-413","9":"product_tag-5m","10":"product_tag-et","11":"product_tag-normales","12":"product_tag-voiles","14":"first","15":"instock","16":"shipping-taxable","17":"purchasable","18":"product-type-simple"},"_links":{"self":[{"href":"https:\/\/www.hapy-com.fr\/echoppe\/wp-json\/wp\/v2\/product\/27928","targetHints":{"allow":["GET"]}}],"collection":[{"href":"https:\/\/www.hapy-com.fr\/echoppe\/wp-json\/wp\/v2\/product"}],"about":[{"href":"https:\/\/www.hapy-com.fr\/echoppe\/wp-json\/wp\/v2\/types\/product"}],"wp:featuredmedia":[{"embeddable":true,"href":"https:\/\/www.hapy-com.fr\/echoppe\/wp-json\/wp\/v2\/media\/28361"}],"wp:attachment":[{"href":"https:\/\/www.hapy-com.fr\/echoppe\/wp-json\/wp\/v2\/media?parent=27928"}],"wp:term":[{"taxonomy":"product_cat","embeddable":true,"href":"https:\/\/www.hapy-com.fr\/echoppe\/wp-json\/wp\/v2\/product_cat?post=27928"},{"taxonomy":"product_tag","embeddable":true,"href":"https:\/\/www.hapy-com.fr\/echoppe\/wp-json\/wp\/v2\/product_tag?post=27928"}],"curies":[{"name":"wp","href":"https:\/\/api.w.org\/{rel}","templated":true}]}}