{"id":27932,"date":"2022-06-24T15:38:56","date_gmt":"2022-06-24T13:38:56","guid":{"rendered":"http:\/\/www.hapy-com.fr\/echoppe\/product\/guirlandes-personnalisees-personnalisable-walomo\/"},"modified":"2022-06-25T12:22:08","modified_gmt":"2022-06-25T10:22:08","slug":"guirlandes-personnalisees-personnalisable-walomo","status":"publish","type":"product","link":"https:\/\/www.hapy-com.fr\/echoppe\/product\/guirlandes-personnalisees-personnalisable-walomo\/","title":{"rendered":"Guirlandes Personnalis\u00e9es personnalisable &#8211; WALOMO"},"content":{"rendered":"<p>Guirlande de 3m de long compos\u00e9 de 10 drapeaux en polyester en polyester 100D imprim\u00e9s en quadri num\u00e9rique. Les 10 drapeaux sont r\u00e9partis sur les 3 m\u00e8tres de longueur de la guirlande. Possibilit\u00e9 d&rsquo;alterner diff\u00e9rents visuels sur les drapeaux. La drisse est dans une mati\u00e8re polyester. Tailles et formes sur-mesure possible : nous consulter.<\/p>\n","protected":false},"excerpt":{"rendered":"<p>Guirlande de 3m de long compos\u00e9 de 10 drapeaux en polyester en polyester 100D imprim\u00e9s en quadri num\u00e9rique. Les 10 drapeaux sont r\u00e9partis sur les 3 m\u00e8tres<\/p>\n","protected":false},"featured_media":28406,"template":"","meta":[],"product_cat":[341],"product_tag":[388,405,404],"class_list":{"0":"post-27932","1":"product","2":"type-product","3":"status-publish","4":"has-post-thumbnail","6":"product_cat-plv","7":"product_tag-388","8":"product_tag-fanions","9":"product_tag-guirlandes","11":"first","12":"instock","13":"shipping-taxable","14":"purchasable","15":"product-type-simple"},"_links":{"self":[{"href":"https:\/\/www.hapy-com.fr\/echoppe\/wp-json\/wp\/v2\/product\/27932","targetHints":{"allow":["GET"]}}],"collection":[{"href":"https:\/\/www.hapy-com.fr\/echoppe\/wp-json\/wp\/v2\/product"}],"about":[{"href":"https:\/\/www.hapy-com.fr\/echoppe\/wp-json\/wp\/v2\/types\/product"}],"wp:featuredmedia":[{"embeddable":true,"href":"https:\/\/www.hapy-com.fr\/echoppe\/wp-json\/wp\/v2\/media\/28406"}],"wp:attachment":[{"href":"https:\/\/www.hapy-com.fr\/echoppe\/wp-json\/wp\/v2\/media?parent=27932"}],"wp:term":[{"taxonomy":"product_cat","embeddable":true,"href":"https:\/\/www.hapy-com.fr\/echoppe\/wp-json\/wp\/v2\/product_cat?post=27932"},{"taxonomy":"product_tag","embeddable":true,"href":"https:\/\/www.hapy-com.fr\/echoppe\/wp-json\/wp\/v2\/product_tag?post=27932"}],"curies":[{"name":"wp","href":"https:\/\/api.w.org\/{rel}","templated":true}]}}