{"id":27938,"date":"2022-06-24T15:38:57","date_gmt":"2022-06-24T13:38:57","guid":{"rendered":"http:\/\/www.hapy-com.fr\/echoppe\/product\/drapeau-fixe-sur-vitre-de-voiture-personnalisable-walomo\/"},"modified":"2022-06-25T12:40:08","modified_gmt":"2022-06-25T10:40:08","slug":"drapeau-fixe-sur-vitre-de-voiture-personnalisable-walomo","status":"publish","type":"product","link":"https:\/\/www.hapy-com.fr\/echoppe\/product\/drapeau-fixe-sur-vitre-de-voiture-personnalisable-walomo\/","title":{"rendered":"Drapeau Fix\u00e9 sur Vitre de Voiture personnalisable &#8211; WALOMO"},"content":{"rendered":"<p>Drapeau oriflamme fixation vitre de voiture sp\u00e9cial occasion. L&rsquo;accroche vient se caler entre la vitre et la porti\u00e8re de la voiture lorsqu&rsquo;on remonte la vitre. Utilisation ext\u00e9rieure.<br \/>\nMati\u00e8re 100% polyester 115g\/m\u00b2. Impression sublimation num\u00e9rique quadri sur le recto, visible au verso par transparence.M\u00e2t en fibre de verre. Sacoche de transport polyester taffetas offerte..Structure disponible sur stock dans notre entrep\u00f4t parisien, impression r\u00e9alis\u00e9e apr\u00e8s validation de la commande<\/p>\n","protected":false},"excerpt":{"rendered":"<p>Drapeau oriflamme fixation vitre de voiture sp\u00e9cial occasion. L&rsquo;accroche vient se caler entre la vitre et la porti\u00e8re de la voiture lorsqu&rsquo;on remonte la vi<\/p>\n","protected":false},"featured_media":28426,"template":"","meta":[],"product_cat":[341],"product_tag":[409,410,371,407,408],"class_list":{"0":"post-27938","1":"product","2":"type-product","3":"status-publish","4":"has-post-thumbnail","6":"product_cat-plv","7":"product_tag-moins","8":"product_tag-2m","9":"product_tag-de","10":"product_tag-petites","11":"product_tag-voiles","13":"first","14":"instock","15":"shipping-taxable","16":"purchasable","17":"product-type-simple"},"_links":{"self":[{"href":"https:\/\/www.hapy-com.fr\/echoppe\/wp-json\/wp\/v2\/product\/27938","targetHints":{"allow":["GET"]}}],"collection":[{"href":"https:\/\/www.hapy-com.fr\/echoppe\/wp-json\/wp\/v2\/product"}],"about":[{"href":"https:\/\/www.hapy-com.fr\/echoppe\/wp-json\/wp\/v2\/types\/product"}],"wp:featuredmedia":[{"embeddable":true,"href":"https:\/\/www.hapy-com.fr\/echoppe\/wp-json\/wp\/v2\/media\/28426"}],"wp:attachment":[{"href":"https:\/\/www.hapy-com.fr\/echoppe\/wp-json\/wp\/v2\/media?parent=27938"}],"wp:term":[{"taxonomy":"product_cat","embeddable":true,"href":"https:\/\/www.hapy-com.fr\/echoppe\/wp-json\/wp\/v2\/product_cat?post=27938"},{"taxonomy":"product_tag","embeddable":true,"href":"https:\/\/www.hapy-com.fr\/echoppe\/wp-json\/wp\/v2\/product_tag?post=27938"}],"curies":[{"name":"wp","href":"https:\/\/api.w.org\/{rel}","templated":true}]}}