{"id":27939,"date":"2022-06-24T15:38:58","date_gmt":"2022-06-24T13:38:58","guid":{"rendered":"http:\/\/www.hapy-com.fr\/echoppe\/product\/drapeau-a-fixation-ventouse-personnalisable-walomo\/"},"modified":"2022-06-25T12:51:57","modified_gmt":"2022-06-25T10:51:57","slug":"drapeau-a-fixation-ventouse-personnalisable-walomo","status":"publish","type":"product","link":"https:\/\/www.hapy-com.fr\/echoppe\/product\/drapeau-a-fixation-ventouse-personnalisable-walomo\/","title":{"rendered":"Drapeau \u00e0 Fixation Ventouse  personnalisable &#8211; WALOMO"},"content":{"rendered":"<p>Oriflamme, goutte d&rsquo;eau de format 24x59cm. Fixation du m\u00e2t par ventouse, angle de fixation ajustable. Mati\u00e8re 100% polyester 115g\/m\u00b2. Impression quadri sublimation num\u00e9rique sur le recto seulement. Impression travers\u00e9e visible des 2 c\u00f4t\u00e9s. M\u00e2t en fibre de verre.<br \/>\nSacoche de transport polyester taffetas offerte. Utilisation int\u00e9rieure et ext\u00e9rieure..Structure disponible sur stock dans notre entrep\u00f4t parisien, impression r\u00e9alis\u00e9e apr\u00e8s validation de la commande<\/p>\n","protected":false},"excerpt":{"rendered":"<p>Oriflamme, goutte d&rsquo;eau de format 24x59cm. Fixation du m\u00e2t par ventouse, angle de fixation ajustable. Mati\u00e8re 100% polyester 115g\/m\u00b2. Impression quadri sub<\/p>\n","protected":false},"featured_media":28435,"template":"","meta":[],"product_cat":[341],"product_tag":[409,410,371,407,408],"class_list":{"0":"post-27939","1":"product","2":"type-product","3":"status-publish","4":"has-post-thumbnail","6":"product_cat-plv","7":"product_tag-moins","8":"product_tag-2m","9":"product_tag-de","10":"product_tag-petites","11":"product_tag-voiles","13":"first","14":"instock","15":"shipping-taxable","16":"purchasable","17":"product-type-simple"},"_links":{"self":[{"href":"https:\/\/www.hapy-com.fr\/echoppe\/wp-json\/wp\/v2\/product\/27939","targetHints":{"allow":["GET"]}}],"collection":[{"href":"https:\/\/www.hapy-com.fr\/echoppe\/wp-json\/wp\/v2\/product"}],"about":[{"href":"https:\/\/www.hapy-com.fr\/echoppe\/wp-json\/wp\/v2\/types\/product"}],"wp:featuredmedia":[{"embeddable":true,"href":"https:\/\/www.hapy-com.fr\/echoppe\/wp-json\/wp\/v2\/media\/28435"}],"wp:attachment":[{"href":"https:\/\/www.hapy-com.fr\/echoppe\/wp-json\/wp\/v2\/media?parent=27939"}],"wp:term":[{"taxonomy":"product_cat","embeddable":true,"href":"https:\/\/www.hapy-com.fr\/echoppe\/wp-json\/wp\/v2\/product_cat?post=27939"},{"taxonomy":"product_tag","embeddable":true,"href":"https:\/\/www.hapy-com.fr\/echoppe\/wp-json\/wp\/v2\/product_tag?post=27939"}],"curies":[{"name":"wp","href":"https:\/\/api.w.org\/{rel}","templated":true}]}}