{"id":27947,"date":"2022-06-24T15:38:59","date_gmt":"2022-06-24T13:38:59","guid":{"rendered":"http:\/\/www.hapy-com.fr\/echoppe\/product\/nappe-anti-feu-250-x-300-cm-personnalisable-walomo\/"},"modified":"2022-06-25T13:07:23","modified_gmt":"2022-06-25T11:07:23","slug":"nappe-anti-feu-250-x-300-cm-personnalisable-walomo","status":"publish","type":"product","link":"https:\/\/www.hapy-com.fr\/echoppe\/product\/nappe-anti-feu-250-x-300-cm-personnalisable-walomo\/","title":{"rendered":"Nappe Anti-Feu 250 x 300 cm personnalisable &#8211; WALOMO"},"content":{"rendered":"<p>Nappe personnalis\u00e9e d\u00e9perlante 100% polyester 230g\/m\u00b2 trait\u00e9 anti-feu norme europ\u00e9enne B1. Impression en sublimation num\u00e9rique Haute D\u00e9finition sur le recto, non visible au verso. Finition avec ourlets sur tous les c\u00f4t\u00e9s. Parfaite pour exposer sur une table lors d&rsquo;un salon ou d&rsquo;un \u00e9v\u00e9nement professionnel. Fabrication sur-mesure possible. Laize maximum : 250 cm<\/p>\n","protected":false},"excerpt":{"rendered":"<p>Nappe personnalis\u00e9e d\u00e9perlante 100% polyester 230g\/m\u00b2 trait\u00e9 anti-feu norme europ\u00e9enne B1. Impression en sublimation num\u00e9rique Haute D\u00e9finition sur le rect<\/p>\n","protected":false},"featured_media":28428,"template":"","meta":[],"product_cat":[341],"product_tag":[399],"class_list":{"0":"post-27947","1":"product","2":"type-product","3":"status-publish","4":"has-post-thumbnail","6":"product_cat-plv","7":"product_tag-nappes","9":"first","10":"instock","11":"shipping-taxable","12":"purchasable","13":"product-type-simple"},"_links":{"self":[{"href":"https:\/\/www.hapy-com.fr\/echoppe\/wp-json\/wp\/v2\/product\/27947","targetHints":{"allow":["GET"]}}],"collection":[{"href":"https:\/\/www.hapy-com.fr\/echoppe\/wp-json\/wp\/v2\/product"}],"about":[{"href":"https:\/\/www.hapy-com.fr\/echoppe\/wp-json\/wp\/v2\/types\/product"}],"wp:featuredmedia":[{"embeddable":true,"href":"https:\/\/www.hapy-com.fr\/echoppe\/wp-json\/wp\/v2\/media\/28428"}],"wp:attachment":[{"href":"https:\/\/www.hapy-com.fr\/echoppe\/wp-json\/wp\/v2\/media?parent=27947"}],"wp:term":[{"taxonomy":"product_cat","embeddable":true,"href":"https:\/\/www.hapy-com.fr\/echoppe\/wp-json\/wp\/v2\/product_cat?post=27947"},{"taxonomy":"product_tag","embeddable":true,"href":"https:\/\/www.hapy-com.fr\/echoppe\/wp-json\/wp\/v2\/product_tag?post=27947"}],"curies":[{"name":"wp","href":"https:\/\/api.w.org\/{rel}","templated":true}]}}