{"id":27948,"date":"2022-06-24T15:38:59","date_gmt":"2022-06-24T13:38:59","guid":{"rendered":"http:\/\/www.hapy-com.fr\/echoppe\/product\/barriere-publicitaire-2-x-1-m-personnalisable-walomo\/"},"modified":"2022-06-25T13:08:49","modified_gmt":"2022-06-25T11:08:49","slug":"barriere-publicitaire-2-x-1-m-personnalisable-walomo","status":"publish","type":"product","link":"https:\/\/www.hapy-com.fr\/echoppe\/product\/barriere-publicitaire-2-x-1-m-personnalisable-walomo\/","title":{"rendered":"Barri\u00e8re Publicitaire 2 x 1 m personnalisable &#8211; WALOMO"},"content":{"rendered":"<p>Drapeau de sol ou barri\u00e8re autoportante personnalis\u00e9e. Permet de d\u00e9limiter un espace commercial. L&rsquo;impression est r\u00e9alis\u00e9e sur une mati\u00e8re polyester 115g\/m\u00b2 micro-perfor\u00e9e pour laisser passer le vent. 2 techniques d&rsquo;impression : recto seule ou recto\/verso avec la possibilit\u00e9 de mettre deux visuels diff\u00e9rents au recto et au verso. Impression sublimation num\u00e9rique. Structure en fibre de carbone et jonctions PVC. Livr\u00e9 dans son sac de transport. Installation en 5 minutes. Inclus 2 plaques acier MATP12 + 2 MATP21. Utilisation int\u00e9rieure \/ ext\u00e9rieure..Structure disponible sur stock dans notre entrep\u00f4t parisien, impression r\u00e9alis\u00e9e apr\u00e8s validation de la commande<\/p>\n","protected":false},"excerpt":{"rendered":"<p>Drapeau de sol ou barri\u00e8re autoportante personnalis\u00e9e. Permet de d\u00e9limiter un espace commercial. L&rsquo;impression est r\u00e9alis\u00e9e sur une mati\u00e8re polyester 115g\/m<\/p>\n","protected":false},"featured_media":28449,"template":"","meta":[],"product_cat":[341],"product_tag":[371,370,372],"class_list":{"0":"post-27948","1":"product","2":"type-product","3":"status-publish","4":"has-post-thumbnail","6":"product_cat-plv","7":"product_tag-de","8":"product_tag-drapeaux","9":"product_tag-sol","11":"first","12":"instock","13":"shipping-taxable","14":"purchasable","15":"product-type-simple"},"_links":{"self":[{"href":"https:\/\/www.hapy-com.fr\/echoppe\/wp-json\/wp\/v2\/product\/27948","targetHints":{"allow":["GET"]}}],"collection":[{"href":"https:\/\/www.hapy-com.fr\/echoppe\/wp-json\/wp\/v2\/product"}],"about":[{"href":"https:\/\/www.hapy-com.fr\/echoppe\/wp-json\/wp\/v2\/types\/product"}],"wp:featuredmedia":[{"embeddable":true,"href":"https:\/\/www.hapy-com.fr\/echoppe\/wp-json\/wp\/v2\/media\/28449"}],"wp:attachment":[{"href":"https:\/\/www.hapy-com.fr\/echoppe\/wp-json\/wp\/v2\/media?parent=27948"}],"wp:term":[{"taxonomy":"product_cat","embeddable":true,"href":"https:\/\/www.hapy-com.fr\/echoppe\/wp-json\/wp\/v2\/product_cat?post=27948"},{"taxonomy":"product_tag","embeddable":true,"href":"https:\/\/www.hapy-com.fr\/echoppe\/wp-json\/wp\/v2\/product_tag?post=27948"}],"curies":[{"name":"wp","href":"https:\/\/api.w.org\/{rel}","templated":true}]}}