{"id":27949,"date":"2022-06-24T15:38:59","date_gmt":"2022-06-24T13:38:59","guid":{"rendered":"http:\/\/www.hapy-com.fr\/echoppe\/product\/tente-eco-evenementielle-personnalisee-acier-3x3m-u-know\/"},"modified":"2022-06-25T13:09:53","modified_gmt":"2022-06-25T11:09:53","slug":"tente-eco-evenementielle-personnalisee-acier-3x3m-u-know","status":"publish","type":"product","link":"https:\/\/www.hapy-com.fr\/echoppe\/product\/tente-eco-evenementielle-personnalisee-acier-3x3m-u-know\/","title":{"rendered":"Tente Eco \u00e9venementielle personnalis\u00e9e Acier 3X3M &#8211; U-KNOW"},"content":{"rendered":"<p>Tente popup 3x3m d\u00e9pliante en acier. Ce barnum est particuli\u00e8rement destin\u00e9 aux op\u00e9rations \u00e9v\u00e9nementielles. Sa structure est compos\u00e9e d&rsquo;une armature carr\u00e9e noire en acier de diam\u00e8tre 28mm et d&rsquo;\u00e9paisseur 0,8mm. Elle est personnalis\u00e9e sur le toit et sur les portes en impression quadri num\u00e9rique. Le toit et les portes de cette tonnelle sont en polyester Oxford 260g\/m\u00b2 avec enduction et sont mont\u00e9s par Velcro sur la tente. La tente est livr\u00e9e pr\u00eate \u00e0 monter dans un trolley de transport en Oxford 600D \u00e0 roulettes. Poids : 19kg. Structure disponible sur stock, impression r\u00e9alis\u00e9e au moment de la validation de la commande.<\/p>\n","protected":false},"excerpt":{"rendered":"<p>Tente popup 3x3m d\u00e9pliante en acier. Ce barnum est particuli\u00e8rement destin\u00e9 aux op\u00e9rations \u00e9v\u00e9nementielles. Sa structure est compos\u00e9e d&rsquo;une armature carr\u00e9e<\/p>\n","protected":false},"featured_media":28451,"template":"","meta":[],"product_cat":[341],"product_tag":[419,418],"class_list":{"0":"post-27949","1":"product","2":"type-product","3":"status-publish","4":"has-post-thumbnail","6":"product_cat-plv","7":"product_tag-aluminium","8":"product_tag-tentes","10":"first","11":"instock","12":"shipping-taxable","13":"purchasable","14":"product-type-simple"},"_links":{"self":[{"href":"https:\/\/www.hapy-com.fr\/echoppe\/wp-json\/wp\/v2\/product\/27949","targetHints":{"allow":["GET"]}}],"collection":[{"href":"https:\/\/www.hapy-com.fr\/echoppe\/wp-json\/wp\/v2\/product"}],"about":[{"href":"https:\/\/www.hapy-com.fr\/echoppe\/wp-json\/wp\/v2\/types\/product"}],"wp:featuredmedia":[{"embeddable":true,"href":"https:\/\/www.hapy-com.fr\/echoppe\/wp-json\/wp\/v2\/media\/28451"}],"wp:attachment":[{"href":"https:\/\/www.hapy-com.fr\/echoppe\/wp-json\/wp\/v2\/media?parent=27949"}],"wp:term":[{"taxonomy":"product_cat","embeddable":true,"href":"https:\/\/www.hapy-com.fr\/echoppe\/wp-json\/wp\/v2\/product_cat?post=27949"},{"taxonomy":"product_tag","embeddable":true,"href":"https:\/\/www.hapy-com.fr\/echoppe\/wp-json\/wp\/v2\/product_tag?post=27949"}],"curies":[{"name":"wp","href":"https:\/\/api.w.org\/{rel}","templated":true}]}}