{"id":27953,"date":"2022-06-24T15:39:00","date_gmt":"2022-06-24T13:39:00","guid":{"rendered":"http:\/\/www.hapy-com.fr\/echoppe\/product\/tente-aluminium-depliante-personnalisee-6x3m-u-know\/"},"modified":"2022-06-25T11:11:46","modified_gmt":"2022-06-25T09:11:46","slug":"tente-aluminium-depliante-personnalisee-6x3m-u-know","status":"publish","type":"product","link":"https:\/\/www.hapy-com.fr\/echoppe\/product\/tente-aluminium-depliante-personnalisee-6x3m-u-know\/","title":{"rendered":"Tente Aluminium d\u00e9pliante personnalis\u00e9e 6X3M &#8211; U-KNOW"},"content":{"rendered":"<p>Tente popup 6x3m d\u00e9pliante en aluminium. Ce barnum est particuli\u00e8rement robuste. Sa structure est compos\u00e9e d&rsquo;une armature hexagonale grise en aluminium de diam\u00e8tre 40mm et d&rsquo;\u00e9paisseur 1,2mm. Elle est personnalis\u00e9e sur le toit et sur les portes en impression quadri num\u00e9rique. Le toit et les portes de cette tonnelle sont en polyester Oxford 260g\/m\u00b2 avec enduction pour garantir l&rsquo;imperm\u00e9abilit\u00e9 et sont mont\u00e9s par Velcro sur la tente. La tente est livr\u00e9e pr\u00eate \u00e0 monter dans un trolley de transport en Oxford 600D \u00e0 roulettes. Poids : 25kg<\/p>\n","protected":false},"excerpt":{"rendered":"<p>Tente popup 6x3m d\u00e9pliante en aluminium. Ce barnum est particuli\u00e8rement robuste. Sa structure est compos\u00e9e d&rsquo;une armature hexagonale grise en aluminium de<\/p>\n","protected":false},"featured_media":28340,"template":"","meta":[],"product_cat":[341],"product_tag":[419,418],"class_list":{"0":"post-27953","1":"product","2":"type-product","3":"status-publish","4":"has-post-thumbnail","6":"product_cat-plv","7":"product_tag-aluminium","8":"product_tag-tentes","10":"first","11":"instock","12":"shipping-taxable","13":"purchasable","14":"product-type-simple"},"_links":{"self":[{"href":"https:\/\/www.hapy-com.fr\/echoppe\/wp-json\/wp\/v2\/product\/27953","targetHints":{"allow":["GET"]}}],"collection":[{"href":"https:\/\/www.hapy-com.fr\/echoppe\/wp-json\/wp\/v2\/product"}],"about":[{"href":"https:\/\/www.hapy-com.fr\/echoppe\/wp-json\/wp\/v2\/types\/product"}],"wp:featuredmedia":[{"embeddable":true,"href":"https:\/\/www.hapy-com.fr\/echoppe\/wp-json\/wp\/v2\/media\/28340"}],"wp:attachment":[{"href":"https:\/\/www.hapy-com.fr\/echoppe\/wp-json\/wp\/v2\/media?parent=27953"}],"wp:term":[{"taxonomy":"product_cat","embeddable":true,"href":"https:\/\/www.hapy-com.fr\/echoppe\/wp-json\/wp\/v2\/product_cat?post=27953"},{"taxonomy":"product_tag","embeddable":true,"href":"https:\/\/www.hapy-com.fr\/echoppe\/wp-json\/wp\/v2\/product_tag?post=27953"}],"curies":[{"name":"wp","href":"https:\/\/api.w.org\/{rel}","templated":true}]}}