{"id":27956,"date":"2022-06-24T15:39:01","date_gmt":"2022-06-24T13:39:01","guid":{"rendered":"http:\/\/www.hapy-com.fr\/echoppe\/product\/enrouleur-eco-60-x-160-cm-personnalisable-walomo\/"},"modified":"2022-06-25T11:00:36","modified_gmt":"2022-06-25T09:00:36","slug":"enrouleur-eco-60-x-160-cm-personnalisable-walomo","status":"publish","type":"product","link":"https:\/\/www.hapy-com.fr\/echoppe\/product\/enrouleur-eco-60-x-160-cm-personnalisable-walomo\/","title":{"rendered":"Enrouleur Eco+ 60 x 160 cm personnalisable &#8211; WALOMO"},"content":{"rendered":"<p>Kak\u00e9mono publicitaire de type rollup. M\u00e2t en m\u00e9tal finition aluminium avec renfort. Affiche imprim\u00e9e en France sur b\u00e2che PVC 440g\/m\u00b2 norme anti-feu europ\u00e9enne B1. Fixation de l&rsquo;affiche par double face et par clip pour changement d&rsquo;affiche rapide. Pieds interchangeables : l&rsquo;enrouleur est livr\u00e9 d&rsquo;office avec un seul pied mais un deuxi\u00e8me pied peut \u00eatre ajout\u00e9 en option pour une meilleure stabilit\u00e9. Livraison sous sac de transport en oxford 300D (inclus dans le prix de la structure) + colis individuel. Carton de 6 pi\u00e8ces..Structure disponible sur stock dans notre entrep\u00f4t parisien, impression r\u00e9alis\u00e9e apr\u00e8s validation de la commande<\/p>\n","protected":false},"excerpt":{"rendered":"<p>Kak\u00e9mono publicitaire de type rollup. M\u00e2t en m\u00e9tal finition aluminium avec renfort. Affiche imprim\u00e9e en France sur b\u00e2che PVC 440g\/m\u00b2 norme anti-feu europ\u00e9e<\/p>\n","protected":false},"featured_media":28324,"template":"","meta":[],"product_cat":[341],"product_tag":[425,424,426,423],"class_list":{"0":"post-27956","1":"product","2":"type-product","3":"status-publish","4":"has-post-thumbnail","6":"product_cat-plv","7":"product_tag-425","8":"product_tag-60x160cm","9":"product_tag-100x200cm","10":"product_tag-normal","12":"first","13":"instock","14":"shipping-taxable","15":"purchasable","16":"product-type-simple"},"_links":{"self":[{"href":"https:\/\/www.hapy-com.fr\/echoppe\/wp-json\/wp\/v2\/product\/27956","targetHints":{"allow":["GET"]}}],"collection":[{"href":"https:\/\/www.hapy-com.fr\/echoppe\/wp-json\/wp\/v2\/product"}],"about":[{"href":"https:\/\/www.hapy-com.fr\/echoppe\/wp-json\/wp\/v2\/types\/product"}],"wp:featuredmedia":[{"embeddable":true,"href":"https:\/\/www.hapy-com.fr\/echoppe\/wp-json\/wp\/v2\/media\/28324"}],"wp:attachment":[{"href":"https:\/\/www.hapy-com.fr\/echoppe\/wp-json\/wp\/v2\/media?parent=27956"}],"wp:term":[{"taxonomy":"product_cat","embeddable":true,"href":"https:\/\/www.hapy-com.fr\/echoppe\/wp-json\/wp\/v2\/product_cat?post=27956"},{"taxonomy":"product_tag","embeddable":true,"href":"https:\/\/www.hapy-com.fr\/echoppe\/wp-json\/wp\/v2\/product_tag?post=27956"}],"curies":[{"name":"wp","href":"https:\/\/api.w.org\/{rel}","templated":true}]}}