{"id":27965,"date":"2022-06-24T15:39:02","date_gmt":"2022-06-24T13:39:02","guid":{"rendered":"http:\/\/www.hapy-com.fr\/echoppe\/product\/rollup-space-85x200cm-rollspace-085-u-know\/"},"modified":"2022-06-25T10:55:46","modified_gmt":"2022-06-25T08:55:46","slug":"rollup-space-85x200cm-rollspace-085-u-know","status":"publish","type":"product","link":"https:\/\/www.hapy-com.fr\/echoppe\/product\/rollup-space-85x200cm-rollspace-085-u-know\/","title":{"rendered":"Rollup Space 85X200Cm ROLLSPACE 085 &#8211; U-KNOW"},"content":{"rendered":"<p>Avec son rev\u00eatement noir mat, son pourtour aluminium et sa courbe futuriste, le ROLLSPACE envoie un vent de fraicheur sur des rollups victimes de leur succ\u00e8s. Tout fonctionne comme un rollup classique\u00a0: le montage de l\u2019affiche, la fixation de la baguette. La seule diff\u00e9rence est que vous ferez sensation en le sortant de son sac de transport (inclus) renforc\u00e9 avec de des renforts en EVA. Moins de risques donc pendant le transport. L\u2019affiche est elle r\u00e9alis\u00e9e en b\u00e2che PVC 440g\/m\u00b2 avec traitement anti-feu norme europ\u00e9enne B1. Pas de pied r\u00e9tractable mais le poids et l\u2019envergure de la structure garantissent sa stabilit\u00e9. Carton individuel inclus.Structure disponible sur stock, impression r\u00e9alis\u00e9e au moment de la validation de la commande.<\/p>\n","protected":false},"excerpt":{"rendered":"<p>Avec son rev\u00eatement noir mat, son pourtour aluminium et sa courbe futuriste, le ROLLSPACE envoie un vent de fraicheur sur des rollups victimes de leur succ<\/p>\n","protected":false},"featured_media":28315,"template":"","meta":[],"product_cat":[341],"product_tag":[425,424,426,423],"class_list":{"0":"post-27965","1":"product","2":"type-product","3":"status-publish","4":"has-post-thumbnail","6":"product_cat-plv","7":"product_tag-425","8":"product_tag-60x160cm","9":"product_tag-100x200cm","10":"product_tag-normal","12":"first","13":"instock","14":"shipping-taxable","15":"purchasable","16":"product-type-simple"},"_links":{"self":[{"href":"https:\/\/www.hapy-com.fr\/echoppe\/wp-json\/wp\/v2\/product\/27965","targetHints":{"allow":["GET"]}}],"collection":[{"href":"https:\/\/www.hapy-com.fr\/echoppe\/wp-json\/wp\/v2\/product"}],"about":[{"href":"https:\/\/www.hapy-com.fr\/echoppe\/wp-json\/wp\/v2\/types\/product"}],"wp:featuredmedia":[{"embeddable":true,"href":"https:\/\/www.hapy-com.fr\/echoppe\/wp-json\/wp\/v2\/media\/28315"}],"wp:attachment":[{"href":"https:\/\/www.hapy-com.fr\/echoppe\/wp-json\/wp\/v2\/media?parent=27965"}],"wp:term":[{"taxonomy":"product_cat","embeddable":true,"href":"https:\/\/www.hapy-com.fr\/echoppe\/wp-json\/wp\/v2\/product_cat?post=27965"},{"taxonomy":"product_tag","embeddable":true,"href":"https:\/\/www.hapy-com.fr\/echoppe\/wp-json\/wp\/v2\/product_tag?post=27965"}],"curies":[{"name":"wp","href":"https:\/\/api.w.org\/{rel}","templated":true}]}}