{"id":27966,"date":"2022-06-24T15:39:03","date_gmt":"2022-06-24T13:39:03","guid":{"rendered":"http:\/\/www.hapy-com.fr\/echoppe\/product\/rollup-tech-85x200cm-rolltech-085-u-know\/"},"modified":"2022-06-25T10:06:31","modified_gmt":"2022-06-25T08:06:31","slug":"rollup-tech-85x200cm-rolltech-085-u-know","status":"publish","type":"product","link":"https:\/\/www.hapy-com.fr\/echoppe\/product\/rollup-tech-85x200cm-rolltech-085-u-know\/","title":{"rendered":"Rollup Tech 85X200Cm ROLLTECH 085 &#8211; U-KNOW"},"content":{"rendered":"<p>Avec ses allures de t\u00e9l\u00e9phone californien, ce rollup est davantage remarquable que le ROLLSPACE gr\u00e2ce \u00e0 son rev\u00eatement noir brillant. Son poids et son envergure garantissent une excellente stabilit\u00e9. Le m\u00e2t t\u00e9lescopique est lui aussi travaill\u00e9 pour faire de cet enrouleur une structure qualitative avec un fonctionnement tr\u00e8s classique. Le sac de transport renforc\u00e9 assure la protection durant l\u2019exp\u00e9dition et permet la r\u00e9utilisation en tout lieu en tout temps. L&rsquo;affiche est r\u00e9alis\u00e9e dans une b\u00e2che PVC norme anti-feu B1. Structure disponible sur stock, impression r\u00e9alis\u00e9e au moment de la validation de la commande.<\/p>\n","protected":false},"excerpt":{"rendered":"<p>Avec ses allures de t\u00e9l\u00e9phone californien, ce rollup est davantage remarquable que le ROLLSPACE gr\u00e2ce \u00e0 son rev\u00eatement noir brillant. Son poids et son enve<\/p>\n","protected":false},"featured_media":28291,"template":"","meta":[],"product_cat":[341],"product_tag":[425,424,426,423],"class_list":{"0":"post-27966","1":"product","2":"type-product","3":"status-publish","4":"has-post-thumbnail","6":"product_cat-plv","7":"product_tag-425","8":"product_tag-60x160cm","9":"product_tag-100x200cm","10":"product_tag-normal","12":"first","13":"instock","14":"shipping-taxable","15":"purchasable","16":"product-type-simple"},"_links":{"self":[{"href":"https:\/\/www.hapy-com.fr\/echoppe\/wp-json\/wp\/v2\/product\/27966","targetHints":{"allow":["GET"]}}],"collection":[{"href":"https:\/\/www.hapy-com.fr\/echoppe\/wp-json\/wp\/v2\/product"}],"about":[{"href":"https:\/\/www.hapy-com.fr\/echoppe\/wp-json\/wp\/v2\/types\/product"}],"wp:featuredmedia":[{"embeddable":true,"href":"https:\/\/www.hapy-com.fr\/echoppe\/wp-json\/wp\/v2\/media\/28291"}],"wp:attachment":[{"href":"https:\/\/www.hapy-com.fr\/echoppe\/wp-json\/wp\/v2\/media?parent=27966"}],"wp:term":[{"taxonomy":"product_cat","embeddable":true,"href":"https:\/\/www.hapy-com.fr\/echoppe\/wp-json\/wp\/v2\/product_cat?post=27966"},{"taxonomy":"product_tag","embeddable":true,"href":"https:\/\/www.hapy-com.fr\/echoppe\/wp-json\/wp\/v2\/product_tag?post=27966"}],"curies":[{"name":"wp","href":"https:\/\/api.w.org\/{rel}","templated":true}]}}