{"id":27973,"date":"2022-06-24T15:39:04","date_gmt":"2022-06-24T13:39:04","guid":{"rendered":"http:\/\/www.hapy-com.fr\/echoppe\/product\/enrouleur-luxe-150-x-200-cm-personnalisable-walomo\/"},"modified":"2022-06-25T09:07:25","modified_gmt":"2022-06-25T07:07:25","slug":"enrouleur-luxe-150-x-200-cm-personnalisable-walomo","status":"publish","type":"product","link":"https:\/\/www.hapy-com.fr\/echoppe\/product\/enrouleur-luxe-150-x-200-cm-personnalisable-walomo\/","title":{"rendered":"Enrouleur Luxe 150 x 200 cm personnalisable &#8211; WALOMO"},"content":{"rendered":"<p>Kak\u00e9mono de type rollup publicitaire et personnalis\u00e9. Structure de l&rsquo;enrouleur en aluminium renforc\u00e9e d\u2019une plaque m\u00e9tal pour une meilleure stabilit\u00e9. Fixation du m\u00e2t renforc\u00e9e. Affiche imprim\u00e9e en France sur b\u00e2che PVC 440g\/m\u00b2 norme anti-feu europ\u00e9enne B1. Sac de transport en Oxford 300D avec protection int\u00e9rieure. 6 pcs par carton + cartons individuels..Structure disponible sur stock dans notre entrep\u00f4t parisien, impression r\u00e9alis\u00e9e apr\u00e8s validation de la commande<\/p>\n","protected":false},"excerpt":{"rendered":"<p>Kak\u00e9mono de type rollup publicitaire et personnalis\u00e9. Structure de l&rsquo;enrouleur en aluminium renforc\u00e9e d\u2019une plaque m\u00e9tal pour une meilleure stabilit\u00e9. Fixa<\/p>\n","protected":false},"featured_media":28264,"template":"","meta":[],"product_cat":[341],"product_tag":[425,424,426,423],"class_list":{"0":"post-27973","1":"product","2":"type-product","3":"status-publish","4":"has-post-thumbnail","6":"product_cat-plv","7":"product_tag-425","8":"product_tag-60x160cm","9":"product_tag-100x200cm","10":"product_tag-normal","12":"first","13":"instock","14":"shipping-taxable","15":"purchasable","16":"product-type-simple"},"_links":{"self":[{"href":"https:\/\/www.hapy-com.fr\/echoppe\/wp-json\/wp\/v2\/product\/27973","targetHints":{"allow":["GET"]}}],"collection":[{"href":"https:\/\/www.hapy-com.fr\/echoppe\/wp-json\/wp\/v2\/product"}],"about":[{"href":"https:\/\/www.hapy-com.fr\/echoppe\/wp-json\/wp\/v2\/types\/product"}],"wp:featuredmedia":[{"embeddable":true,"href":"https:\/\/www.hapy-com.fr\/echoppe\/wp-json\/wp\/v2\/media\/28264"}],"wp:attachment":[{"href":"https:\/\/www.hapy-com.fr\/echoppe\/wp-json\/wp\/v2\/media?parent=27973"}],"wp:term":[{"taxonomy":"product_cat","embeddable":true,"href":"https:\/\/www.hapy-com.fr\/echoppe\/wp-json\/wp\/v2\/product_cat?post=27973"},{"taxonomy":"product_tag","embeddable":true,"href":"https:\/\/www.hapy-com.fr\/echoppe\/wp-json\/wp\/v2\/product_tag?post=27973"}],"curies":[{"name":"wp","href":"https:\/\/api.w.org\/{rel}","templated":true}]}}