{"id":27974,"date":"2022-06-24T15:39:04","date_gmt":"2022-06-24T13:39:04","guid":{"rendered":"http:\/\/www.hapy-com.fr\/echoppe\/product\/porte-document-4-poches-personnalisable-walomo\/"},"modified":"2022-06-25T09:03:36","modified_gmt":"2022-06-25T07:03:36","slug":"porte-document-4-poches-personnalisable-walomo","status":"publish","type":"product","link":"https:\/\/www.hapy-com.fr\/echoppe\/product\/porte-document-4-poches-personnalisable-walomo\/","title":{"rendered":"Porte Document 4 Poches personnalisable &#8211; WALOMO"},"content":{"rendered":"<p>Utilisation int\u00e9rieure.<br \/>\nPorte documents avec structure en aluminium.<br \/>\nExiste en deux mod\u00e8les :<br \/>\nS4 (4 poches de rangement format A4).<br \/>\nPossibilit\u00e9 de marquage sur<br \/>\nla bande aluminium sup\u00e9rieure..Structure disponible sur stock dans notre entrep\u00f4t parisien, impression r\u00e9alis\u00e9e apr\u00e8s validation de la commande<\/p>\n","protected":false},"excerpt":{"rendered":"<p>Utilisation int\u00e9rieure.<br \/>\nPorte documents avec structure en aluminium.<br \/>\nExiste en deux mod\u00e8les :<br \/>\nS4 (4 poches de rangement format A4).<br \/>\nPossibilit\u00e9 de marquage<\/p>\n","protected":false},"featured_media":28258,"template":"","meta":[],"product_cat":[341],"product_tag":[420,421],"class_list":{"0":"post-27974","1":"product","2":"type-product","3":"status-publish","4":"has-post-thumbnail","6":"product_cat-plv","7":"product_tag-document","8":"product_tag-holder","10":"first","11":"instock","12":"shipping-taxable","13":"purchasable","14":"product-type-simple"},"_links":{"self":[{"href":"https:\/\/www.hapy-com.fr\/echoppe\/wp-json\/wp\/v2\/product\/27974","targetHints":{"allow":["GET"]}}],"collection":[{"href":"https:\/\/www.hapy-com.fr\/echoppe\/wp-json\/wp\/v2\/product"}],"about":[{"href":"https:\/\/www.hapy-com.fr\/echoppe\/wp-json\/wp\/v2\/types\/product"}],"wp:featuredmedia":[{"embeddable":true,"href":"https:\/\/www.hapy-com.fr\/echoppe\/wp-json\/wp\/v2\/media\/28258"}],"wp:attachment":[{"href":"https:\/\/www.hapy-com.fr\/echoppe\/wp-json\/wp\/v2\/media?parent=27974"}],"wp:term":[{"taxonomy":"product_cat","embeddable":true,"href":"https:\/\/www.hapy-com.fr\/echoppe\/wp-json\/wp\/v2\/product_cat?post=27974"},{"taxonomy":"product_tag","embeddable":true,"href":"https:\/\/www.hapy-com.fr\/echoppe\/wp-json\/wp\/v2\/product_tag?post=27974"}],"curies":[{"name":"wp","href":"https:\/\/api.w.org\/{rel}","templated":true}]}}