{"id":27978,"date":"2022-06-24T15:39:05","date_gmt":"2022-06-24T13:39:05","guid":{"rendered":"http:\/\/www.hapy-com.fr\/echoppe\/product\/oriflamme-de-bureau-personnalisable-walomo\/"},"modified":"2022-06-25T08:57:39","modified_gmt":"2022-06-25T06:57:39","slug":"oriflamme-de-bureau-personnalisable-walomo","status":"publish","type":"product","link":"https:\/\/www.hapy-com.fr\/echoppe\/product\/oriflamme-de-bureau-personnalisable-walomo\/","title":{"rendered":"Oriflamme de Bureau personnalisable &#8211; WALOMO"},"content":{"rendered":"<p>Mini oriflamme de table \/ flag de bureau personnalis\u00e9 avec support rond en aluminium. Utilisation int\u00e9rieure. Voile en mati\u00e8re 100% polyester 115g\/m\u00b2. Impression en sublimation num\u00e9rique. Impression travers\u00e9e visible de l&rsquo;autre c\u00f4t\u00e9 par transparence. M\u00e2t en m\u00e9tal. Sacoche de transport polyester taffetas offerte.Structure disponible sur stock dans notre entrep\u00f4t parisien, impression r\u00e9alis\u00e9e apr\u00e8s validation de la commande<\/p>\n","protected":false},"excerpt":{"rendered":"<p>Mini oriflamme de table \/ flag de bureau personnalis\u00e9 avec support rond en aluminium. Utilisation int\u00e9rieure. Voile en mati\u00e8re 100% polyester 115g\/m\u00b2. Impr<\/p>\n","protected":false},"featured_media":28243,"template":"","meta":[],"product_cat":[341],"product_tag":[409,410,371,407,408],"class_list":{"0":"post-27978","1":"product","2":"type-product","3":"status-publish","4":"has-post-thumbnail","6":"product_cat-plv","7":"product_tag-moins","8":"product_tag-2m","9":"product_tag-de","10":"product_tag-petites","11":"product_tag-voiles","13":"first","14":"instock","15":"shipping-taxable","16":"purchasable","17":"product-type-simple"},"_links":{"self":[{"href":"https:\/\/www.hapy-com.fr\/echoppe\/wp-json\/wp\/v2\/product\/27978","targetHints":{"allow":["GET"]}}],"collection":[{"href":"https:\/\/www.hapy-com.fr\/echoppe\/wp-json\/wp\/v2\/product"}],"about":[{"href":"https:\/\/www.hapy-com.fr\/echoppe\/wp-json\/wp\/v2\/types\/product"}],"wp:featuredmedia":[{"embeddable":true,"href":"https:\/\/www.hapy-com.fr\/echoppe\/wp-json\/wp\/v2\/media\/28243"}],"wp:attachment":[{"href":"https:\/\/www.hapy-com.fr\/echoppe\/wp-json\/wp\/v2\/media?parent=27978"}],"wp:term":[{"taxonomy":"product_cat","embeddable":true,"href":"https:\/\/www.hapy-com.fr\/echoppe\/wp-json\/wp\/v2\/product_cat?post=27978"},{"taxonomy":"product_tag","embeddable":true,"href":"https:\/\/www.hapy-com.fr\/echoppe\/wp-json\/wp\/v2\/product_tag?post=27978"}],"curies":[{"name":"wp","href":"https:\/\/api.w.org\/{rel}","templated":true}]}}