{"id":27981,"date":"2022-06-24T15:39:06","date_gmt":"2022-06-24T13:39:06","guid":{"rendered":"http:\/\/www.hapy-com.fr\/echoppe\/product\/silverframe-100-box-lumineuse-en-aluminium-85-x-200-cm-walomo\/"},"modified":"2022-06-25T08:52:52","modified_gmt":"2022-06-25T06:52:52","slug":"silverframe-100-box-lumineuse-en-aluminium-85-x-200-cm-walomo","status":"publish","type":"product","link":"https:\/\/www.hapy-com.fr\/echoppe\/product\/silverframe-100-box-lumineuse-en-aluminium-85-x-200-cm-walomo\/","title":{"rendered":"SILVERFRAME 100 Box lumineuse en aluminium 85 x 200 cm &#8211; WALOMO"},"content":{"rendered":"<p>Enseignes lumineuses aussi appel\u00e9es lightbox. Ces stands lumineux sont compos\u00e9s d&rsquo;un ch\u00e2ssis en aluminium d&rsquo;\u00e9paisseur 8cm agr\u00e9ment\u00e9 de deux bandeaux de LED sur la hauteur, le tout reposant sur deux pieds larges pour garantir la stabilit\u00e9. L&rsquo;impression est r\u00e9alis\u00e9e en sublimation num\u00e9rique sur une toile diffusante 190g\/m\u00b2 au recto-verso (recommand\u00e9) ou recto avec verso noir. Fixation des toiles par bande de silicone sur le contour du tissu. Le montage se fait par glissement du silicone dans la rainure du profil\u00e9 aluminium. Changement de visuel en moins de 1 minute. L&rsquo;ensemble est livr\u00e9 dans un sac de transport avec carton individuel. Utilisation indoor exclusivement. N\u00e9cessite une prise \u00e9lectrique 220V.<\/p>\n","protected":false},"excerpt":{"rendered":"<p>Enseigne lumineuse en aluminium avec impression num\u00e9rique HD. Recto Verso possible. La toile est trait\u00e9e anti feu (norme B1). Facilement montable.<\/p>\n","protected":false},"featured_media":28237,"template":"","meta":[],"product_cat":[341],"product_tag":[373,366],"class_list":{"0":"post-27981","1":"product","2":"type-product","3":"status-publish","4":"has-post-thumbnail","6":"product_cat-plv","7":"product_tag-droits","8":"product_tag-stands","10":"first","11":"instock","12":"shipping-taxable","13":"purchasable","14":"product-type-simple"},"_links":{"self":[{"href":"https:\/\/www.hapy-com.fr\/echoppe\/wp-json\/wp\/v2\/product\/27981","targetHints":{"allow":["GET"]}}],"collection":[{"href":"https:\/\/www.hapy-com.fr\/echoppe\/wp-json\/wp\/v2\/product"}],"about":[{"href":"https:\/\/www.hapy-com.fr\/echoppe\/wp-json\/wp\/v2\/types\/product"}],"wp:featuredmedia":[{"embeddable":true,"href":"https:\/\/www.hapy-com.fr\/echoppe\/wp-json\/wp\/v2\/media\/28237"}],"wp:attachment":[{"href":"https:\/\/www.hapy-com.fr\/echoppe\/wp-json\/wp\/v2\/media?parent=27981"}],"wp:term":[{"taxonomy":"product_cat","embeddable":true,"href":"https:\/\/www.hapy-com.fr\/echoppe\/wp-json\/wp\/v2\/product_cat?post=27981"},{"taxonomy":"product_tag","embeddable":true,"href":"https:\/\/www.hapy-com.fr\/echoppe\/wp-json\/wp\/v2\/product_tag?post=27981"}],"curies":[{"name":"wp","href":"https:\/\/api.w.org\/{rel}","templated":true}]}}