{"id":27982,"date":"2022-06-24T15:39:06","date_gmt":"2022-06-24T13:39:06","guid":{"rendered":"http:\/\/www.hapy-com.fr\/echoppe\/product\/parallelepipede-gonflable-100-x-100-x-2220cm-personnalisable-walomo\/"},"modified":"2022-06-25T08:50:44","modified_gmt":"2022-06-25T06:50:44","slug":"parallelepipede-gonflable-100-x-100-x-2220cm-personnalisable-walomo","status":"publish","type":"product","link":"https:\/\/www.hapy-com.fr\/echoppe\/product\/parallelepipede-gonflable-100-x-100-x-2220cm-personnalisable-walomo\/","title":{"rendered":"Parallelepipede Gonflable 100 x 100 x 2220cm personnalisable &#8211; WALOMO"},"content":{"rendered":"<p>Cette structure gonflable rectangulaire est habill\u00e9e d\u2019une toile en polyester imprim\u00e9e en sublimation num\u00e9rique allover. La structure peut \u00eatre install\u00e9e \u00e0 l\u2019horizontale ou \u00e0 la verticale. Le produit est assembl\u00e9 avant la livraison. Il ne reste qu\u2019\u00e0 gonfler \u00e0 l\u2019aide d\u2019une pompe manuelle ou d\u2019un gonfleur \u00e9lectrique 400 W (en option). Cette structure peut \u00e9galement servir de r\u00e9serve gr\u00e2ce \u00e0 son ouverture par zip sur le c\u00f4t\u00e9. Trolley de transport en option..Structure disponible sur stock dans notre entrep\u00f4t parisien, impression r\u00e9alis\u00e9e apr\u00e8s validation de la commande<\/p>\n","protected":false},"excerpt":{"rendered":"<p>Cette structure gonflable rectangulaire est habill\u00e9e d\u2019une toile en polyester imprim\u00e9e en sublimation num\u00e9rique allover. La structure peut \u00eatre install\u00e9e \u00e0<\/p>\n","protected":false},"featured_media":28232,"template":"","meta":[],"product_cat":[341],"product_tag":[366],"class_list":{"0":"post-27982","1":"product","2":"type-product","3":"status-publish","4":"has-post-thumbnail","6":"product_cat-plv","7":"product_tag-stands","9":"first","10":"instock","11":"shipping-taxable","12":"purchasable","13":"product-type-simple"},"_links":{"self":[{"href":"https:\/\/www.hapy-com.fr\/echoppe\/wp-json\/wp\/v2\/product\/27982","targetHints":{"allow":["GET"]}}],"collection":[{"href":"https:\/\/www.hapy-com.fr\/echoppe\/wp-json\/wp\/v2\/product"}],"about":[{"href":"https:\/\/www.hapy-com.fr\/echoppe\/wp-json\/wp\/v2\/types\/product"}],"wp:featuredmedia":[{"embeddable":true,"href":"https:\/\/www.hapy-com.fr\/echoppe\/wp-json\/wp\/v2\/media\/28232"}],"wp:attachment":[{"href":"https:\/\/www.hapy-com.fr\/echoppe\/wp-json\/wp\/v2\/media?parent=27982"}],"wp:term":[{"taxonomy":"product_cat","embeddable":true,"href":"https:\/\/www.hapy-com.fr\/echoppe\/wp-json\/wp\/v2\/product_cat?post=27982"},{"taxonomy":"product_tag","embeddable":true,"href":"https:\/\/www.hapy-com.fr\/echoppe\/wp-json\/wp\/v2\/product_tag?post=27982"}],"curies":[{"name":"wp","href":"https:\/\/api.w.org\/{rel}","templated":true}]}}