{"id":27985,"date":"2022-06-24T15:39:07","date_gmt":"2022-06-24T13:39:07","guid":{"rendered":"http:\/\/www.hapy-com.fr\/echoppe\/product\/stand-parapluie-velcro-300-x-230-cm-personnalisable-walomo\/"},"modified":"2022-06-25T08:39:18","modified_gmt":"2022-06-25T06:39:18","slug":"stand-parapluie-velcro-300-x-230-cm-personnalisable-walomo","status":"publish","type":"product","link":"https:\/\/www.hapy-com.fr\/echoppe\/product\/stand-parapluie-velcro-300-x-230-cm-personnalisable-walomo\/","title":{"rendered":"Stand Parapluie Velcro 300 x 230 cm personnalisable &#8211; WALOMO"},"content":{"rendered":"<p>Plus large que le STD 226 (3m contre 2,3m), le STD 426 est un stand parapluie droit avec retours aussi appel\u00e9 photocall. La structure en aluminium se d\u00e9ploie en 2 secondes. La toile polyester 230g\/m\u00b2 trait\u00e9e anti-feu norme B1, est fix\u00e9e par des bandes velcro sur toute sa bordure. L\u2019impression est r\u00e9alis\u00e9e en sublimation num\u00e9rique haute d\u00e9finition. L\u2019ensemble est livr\u00e9 enti\u00e8rement assembl\u00e9 dans un sac de transport inclus. Trolley de transport en option..Structure disponible sur stock dans notre entrep\u00f4t parisien, impression r\u00e9alis\u00e9e apr\u00e8s validation de la commande<\/p>\n","protected":false},"excerpt":{"rendered":"<p>Plus large que le STD 226 (3m contre 2,3m), le STD 426 est un stand parapluie droit avec retours aussi appel\u00e9 photocall. La structure en aluminium se d\u00e9plo<\/p>\n","protected":false},"featured_media":28202,"template":"","meta":[],"product_cat":[341],"product_tag":[373,366],"class_list":{"0":"post-27985","1":"product","2":"type-product","3":"status-publish","4":"has-post-thumbnail","6":"product_cat-plv","7":"product_tag-droits","8":"product_tag-stands","10":"first","11":"instock","12":"shipping-taxable","13":"purchasable","14":"product-type-simple"},"_links":{"self":[{"href":"https:\/\/www.hapy-com.fr\/echoppe\/wp-json\/wp\/v2\/product\/27985","targetHints":{"allow":["GET"]}}],"collection":[{"href":"https:\/\/www.hapy-com.fr\/echoppe\/wp-json\/wp\/v2\/product"}],"about":[{"href":"https:\/\/www.hapy-com.fr\/echoppe\/wp-json\/wp\/v2\/types\/product"}],"wp:featuredmedia":[{"embeddable":true,"href":"https:\/\/www.hapy-com.fr\/echoppe\/wp-json\/wp\/v2\/media\/28202"}],"wp:attachment":[{"href":"https:\/\/www.hapy-com.fr\/echoppe\/wp-json\/wp\/v2\/media?parent=27985"}],"wp:term":[{"taxonomy":"product_cat","embeddable":true,"href":"https:\/\/www.hapy-com.fr\/echoppe\/wp-json\/wp\/v2\/product_cat?post=27985"},{"taxonomy":"product_tag","embeddable":true,"href":"https:\/\/www.hapy-com.fr\/echoppe\/wp-json\/wp\/v2\/product_tag?post=27985"}],"curies":[{"name":"wp","href":"https:\/\/api.w.org\/{rel}","templated":true}]}}