{"id":27986,"date":"2022-06-24T15:39:07","date_gmt":"2022-06-24T13:39:07","guid":{"rendered":"http:\/\/www.hapy-com.fr\/echoppe\/product\/stretch-banner-085-stand-aluminium-noir-walomo\/"},"modified":"2022-06-25T08:42:04","modified_gmt":"2022-06-25T06:42:04","slug":"stretch-banner-085-stand-aluminium-noir-walomo","status":"publish","type":"product","link":"https:\/\/www.hapy-com.fr\/echoppe\/product\/stretch-banner-085-stand-aluminium-noir-walomo\/","title":{"rendered":"STRETCH BANNER 085 &#8211; Stand aluminium noir &#8211; WALOMO"},"content":{"rendered":"<p>Cette structure \u00e9conomique en aluminium offre un rendu de grande qualit\u00e9. Elle allie les atouts d\u2019une structure aluminium et la facilit\u00e9 d\u2019utilisation de l\u2019enrouleur. Son avantage principal r\u00e9side dans la possibilit\u00e9 d\u2019habiller la structure recto-verso pour un faible budget : l&rsquo;habillage respecte la norme anti-feu B1 imprim\u00e9e en sublimation num\u00e9rique en recto-verso. La housse recouvre la structure en aluminium. La structure est ins\u00e9r\u00e9e dans un carton long unitaire et se route tr\u00e8s facilement. Son poids l\u00e9ger en fait une structure facilement transportable. Utilisation int\u00e9rieure exclusivement.<\/p>\n","protected":false},"excerpt":{"rendered":"<p>Stand \u00e9conomique en aluminium 85 x 200 cm. Impression Recto Verso possible pour un faible budget. Facilement transportable.<\/p>\n","protected":false},"featured_media":28211,"template":"","meta":[],"product_cat":[341],"product_tag":[373,366],"class_list":{"0":"post-27986","1":"product","2":"type-product","3":"status-publish","4":"has-post-thumbnail","6":"product_cat-plv","7":"product_tag-droits","8":"product_tag-stands","10":"first","11":"instock","12":"shipping-taxable","13":"purchasable","14":"product-type-simple"},"_links":{"self":[{"href":"https:\/\/www.hapy-com.fr\/echoppe\/wp-json\/wp\/v2\/product\/27986","targetHints":{"allow":["GET"]}}],"collection":[{"href":"https:\/\/www.hapy-com.fr\/echoppe\/wp-json\/wp\/v2\/product"}],"about":[{"href":"https:\/\/www.hapy-com.fr\/echoppe\/wp-json\/wp\/v2\/types\/product"}],"wp:featuredmedia":[{"embeddable":true,"href":"https:\/\/www.hapy-com.fr\/echoppe\/wp-json\/wp\/v2\/media\/28211"}],"wp:attachment":[{"href":"https:\/\/www.hapy-com.fr\/echoppe\/wp-json\/wp\/v2\/media?parent=27986"}],"wp:term":[{"taxonomy":"product_cat","embeddable":true,"href":"https:\/\/www.hapy-com.fr\/echoppe\/wp-json\/wp\/v2\/product_cat?post=27986"},{"taxonomy":"product_tag","embeddable":true,"href":"https:\/\/www.hapy-com.fr\/echoppe\/wp-json\/wp\/v2\/product_tag?post=27986"}],"curies":[{"name":"wp","href":"https:\/\/api.w.org\/{rel}","templated":true}]}}