{"id":27988,"date":"2022-06-24T15:39:07","date_gmt":"2022-06-24T13:39:07","guid":{"rendered":"http:\/\/www.hapy-com.fr\/echoppe\/product\/stretch-gate-arche-double-en-aluminium-walomo\/"},"modified":"2022-06-25T08:46:15","modified_gmt":"2022-06-25T06:46:15","slug":"stretch-gate-arche-double-en-aluminium-walomo","status":"publish","type":"product","link":"https:\/\/www.hapy-com.fr\/echoppe\/product\/stretch-gate-arche-double-en-aluminium-walomo\/","title":{"rendered":"STRETCH GATE &#8211; Arche double en aluminium &#8211; WALOMO"},"content":{"rendered":"<p>Arche de 350 cm de large par 245 cm de hauteur. Elle est constitu\u00e9e d&rsquo;une structure tubulaire en aluminium. le montage est facile et se fait en 5 minutes : les pictogrammes de couleur permettent d&rsquo;assembler la totalit\u00e9 de la structure. La toile en polyester 270g\/m\u00b2 trait\u00e9e anti-feu B1 est imprim\u00e9e en sublimation num\u00e9rique haute d\u00e9finition et se monte ensuite comme une housse (chaussette). L&rsquo;impression recto-verso est syst\u00e9matique. L&rsquo;ensemble est livr\u00e9 dans son sac de transport. Structure disponible sur stock. Impression r\u00e9alis\u00e9e apr\u00e8s validation de la commande.<\/p>\n","protected":false},"excerpt":{"rendered":"<p>Arche double en aluminium. Impression num\u00e9rique HD Recto Verso syst\u00e9matique. La toile est trait\u00e9e anti feu (norme B1). Facilement montable.<\/p>\n","protected":false},"featured_media":28220,"template":"","meta":[],"product_cat":[341],"product_tag":[428],"class_list":{"0":"post-27988","1":"product","2":"type-product","3":"status-publish","4":"has-post-thumbnail","6":"product_cat-plv","7":"product_tag-arches","9":"first","10":"instock","11":"shipping-taxable","12":"purchasable","13":"product-type-simple"},"_links":{"self":[{"href":"https:\/\/www.hapy-com.fr\/echoppe\/wp-json\/wp\/v2\/product\/27988","targetHints":{"allow":["GET"]}}],"collection":[{"href":"https:\/\/www.hapy-com.fr\/echoppe\/wp-json\/wp\/v2\/product"}],"about":[{"href":"https:\/\/www.hapy-com.fr\/echoppe\/wp-json\/wp\/v2\/types\/product"}],"wp:featuredmedia":[{"embeddable":true,"href":"https:\/\/www.hapy-com.fr\/echoppe\/wp-json\/wp\/v2\/media\/28220"}],"wp:attachment":[{"href":"https:\/\/www.hapy-com.fr\/echoppe\/wp-json\/wp\/v2\/media?parent=27988"}],"wp:term":[{"taxonomy":"product_cat","embeddable":true,"href":"https:\/\/www.hapy-com.fr\/echoppe\/wp-json\/wp\/v2\/product_cat?post=27988"},{"taxonomy":"product_tag","embeddable":true,"href":"https:\/\/www.hapy-com.fr\/echoppe\/wp-json\/wp\/v2\/product_tag?post=27988"}],"curies":[{"name":"wp","href":"https:\/\/api.w.org\/{rel}","templated":true}]}}