{"id":27989,"date":"2022-06-24T15:39:07","date_gmt":"2022-06-24T13:39:07","guid":{"rendered":"http:\/\/www.hapy-com.fr\/echoppe\/product\/totem-200cm-personnalisable-walomo\/"},"modified":"2022-06-25T08:45:10","modified_gmt":"2022-06-25T06:45:10","slug":"totem-200cm-personnalisable-walomo","status":"publish","type":"product","link":"https:\/\/www.hapy-com.fr\/echoppe\/product\/totem-200cm-personnalisable-walomo\/","title":{"rendered":"Totem 200cm personnalisable &#8211; WALOMO"},"content":{"rendered":"<p>Cette structure en aluminium est habill\u00e9e d\u2019une housse polyester imprim\u00e9e en sublimation num\u00e9rique. Le produit est livr\u00e9 non assembl\u00e9. L\u2019installation est simple gr\u00e2ce aux gaines silicones situ\u00e9es sur le contour inf\u00e9rieur de la housse afin de la lier au plateau en bois situ\u00e9 en bas. La structure est livr\u00e9e dans son sac de transport en polyester Oxford (inclus)..Structure disponible sur stock dans notre entrep\u00f4t parisien, impression r\u00e9alis\u00e9e apr\u00e8s validation de la commande<\/p>\n","protected":false},"excerpt":{"rendered":"<p>Cette structure en aluminium est habill\u00e9e d\u2019une housse polyester imprim\u00e9e en sublimation num\u00e9rique. Le produit est livr\u00e9 non assembl\u00e9. L\u2019installation est s<\/p>\n","protected":false},"featured_media":28219,"template":"","meta":[],"product_cat":[341],"product_tag":[429],"class_list":{"0":"post-27989","1":"product","2":"type-product","3":"status-publish","4":"has-post-thumbnail","6":"product_cat-plv","7":"product_tag-totems","9":"first","10":"instock","11":"shipping-taxable","12":"purchasable","13":"product-type-simple"},"_links":{"self":[{"href":"https:\/\/www.hapy-com.fr\/echoppe\/wp-json\/wp\/v2\/product\/27989","targetHints":{"allow":["GET"]}}],"collection":[{"href":"https:\/\/www.hapy-com.fr\/echoppe\/wp-json\/wp\/v2\/product"}],"about":[{"href":"https:\/\/www.hapy-com.fr\/echoppe\/wp-json\/wp\/v2\/types\/product"}],"wp:featuredmedia":[{"embeddable":true,"href":"https:\/\/www.hapy-com.fr\/echoppe\/wp-json\/wp\/v2\/media\/28219"}],"wp:attachment":[{"href":"https:\/\/www.hapy-com.fr\/echoppe\/wp-json\/wp\/v2\/media?parent=27989"}],"wp:term":[{"taxonomy":"product_cat","embeddable":true,"href":"https:\/\/www.hapy-com.fr\/echoppe\/wp-json\/wp\/v2\/product_cat?post=27989"},{"taxonomy":"product_tag","embeddable":true,"href":"https:\/\/www.hapy-com.fr\/echoppe\/wp-json\/wp\/v2\/product_tag?post=27989"}],"curies":[{"name":"wp","href":"https:\/\/api.w.org\/{rel}","templated":true}]}}