{"id":27990,"date":"2022-06-24T15:39:07","date_gmt":"2022-06-24T13:39:07","guid":{"rendered":"http:\/\/www.hapy-com.fr\/echoppe\/product\/stretch-wall-2-4-mur-dimage-en-aluminium-224-x-224-cm-walomo\/"},"modified":"2022-06-25T08:43:56","modified_gmt":"2022-06-25T06:43:56","slug":"stretch-wall-2-4-mur-dimage-en-aluminium-224-x-224-cm-walomo","status":"publish","type":"product","link":"https:\/\/www.hapy-com.fr\/echoppe\/product\/stretch-wall-2-4-mur-dimage-en-aluminium-224-x-224-cm-walomo\/","title":{"rendered":"STRETCH WALL 2.4 Mur d&rsquo;image en aluminium 224 x 224 cm &#8211; WALOMO"},"content":{"rendered":"<p>Ce mur d\u2019image ou photocall de dimensions 240(l)x230(h)cm est constitu\u00e9 d\u2019une structure tubulaire en aluminium. Le montage est facile et se fait en 5 minutes : les pictogrammes de couleur permettent d\u2019assembler la totalit\u00e9 de la structure. La toile en polyester 230g\/m\u00b2 trait\u00e9e anti-feu norme eurp\u00e9enne B1 est imprim\u00e9e en sublimation num\u00e9rique haute d\u00e9finition en France et se monte ensuite comme une housse. Une impression recto-verso est possible. L\u2019ensemble est livr\u00e9 dans son sac de transport.<\/p>\n","protected":false},"excerpt":{"rendered":"<p>Ce mur d\u2019image ou photocall est constitu\u00e9 d\u2019une structure tubulaire en aluminium. Le montage est facile et se fait en 5 minutes : les pictogrammes de couleur permettent d\u2019assembler la totalit\u00e9 de la structure.<\/p>\n","protected":false},"featured_media":28215,"template":"","meta":[],"product_cat":[341],"product_tag":[373,366],"class_list":{"0":"post-27990","1":"product","2":"type-product","3":"status-publish","4":"has-post-thumbnail","6":"product_cat-plv","7":"product_tag-droits","8":"product_tag-stands","10":"first","11":"instock","12":"shipping-taxable","13":"purchasable","14":"product-type-simple"},"_links":{"self":[{"href":"https:\/\/www.hapy-com.fr\/echoppe\/wp-json\/wp\/v2\/product\/27990","targetHints":{"allow":["GET"]}}],"collection":[{"href":"https:\/\/www.hapy-com.fr\/echoppe\/wp-json\/wp\/v2\/product"}],"about":[{"href":"https:\/\/www.hapy-com.fr\/echoppe\/wp-json\/wp\/v2\/types\/product"}],"wp:featuredmedia":[{"embeddable":true,"href":"https:\/\/www.hapy-com.fr\/echoppe\/wp-json\/wp\/v2\/media\/28215"}],"wp:attachment":[{"href":"https:\/\/www.hapy-com.fr\/echoppe\/wp-json\/wp\/v2\/media?parent=27990"}],"wp:term":[{"taxonomy":"product_cat","embeddable":true,"href":"https:\/\/www.hapy-com.fr\/echoppe\/wp-json\/wp\/v2\/product_cat?post=27990"},{"taxonomy":"product_tag","embeddable":true,"href":"https:\/\/www.hapy-com.fr\/echoppe\/wp-json\/wp\/v2\/product_tag?post=27990"}],"curies":[{"name":"wp","href":"https:\/\/api.w.org\/{rel}","templated":true}]}}