{"id":27991,"date":"2022-06-24T15:39:08","date_gmt":"2022-06-24T13:39:08","guid":{"rendered":"http:\/\/www.hapy-com.fr\/echoppe\/product\/mur-dimage-3-x-23m-personnalisable-walomo\/"},"modified":"2022-06-25T08:37:45","modified_gmt":"2022-06-25T06:37:45","slug":"mur-dimage-3-x-23m-personnalisable-walomo","status":"publish","type":"product","link":"https:\/\/www.hapy-com.fr\/echoppe\/product\/mur-dimage-3-x-23m-personnalisable-walomo\/","title":{"rendered":"Mur D&rsquo;Image 3 x 2,3m personnalisable &#8211; WALOMO"},"content":{"rendered":"<p>Ce mur d\u2019image ou photocall de 3m de large par 2,30m de haut est constitu\u00e9 d\u2019une structure tubulaire en aluminium. Le montage est facile et se fait en 5 minutes : les pictogrammes de couleur permettent d\u2019assembler la totalit\u00e9 de la structure. La toile en polyester 230g\/m\u00b2 trait\u00e9e anti-feu B1 est imprim\u00e9e en France en sublimation num\u00e9rique haute d\u00e9finition et se monte ensuite comme une housse (chaussette). Une impression recto-verso est possible. L\u2019ensemble est livr\u00e9 dans son sac de transport. Structure disponible sur stock dans notre entrep\u00f4t parisien, impression r\u00e9alis\u00e9e apr\u00e8s validation de la commande<\/p>\n","protected":false},"excerpt":{"rendered":"<p>Ce mur d\u2019image ou photocall de 3m de large par 2,30m de haut est constitu\u00e9 d\u2019une structure tubulaire en aluminium. Le montage est facile et se fait en 5 mi<\/p>\n","protected":false},"featured_media":28199,"template":"","meta":[],"product_cat":[341],"product_tag":[373,366],"class_list":{"0":"post-27991","1":"product","2":"type-product","3":"status-publish","4":"has-post-thumbnail","6":"product_cat-plv","7":"product_tag-droits","8":"product_tag-stands","10":"first","11":"instock","12":"shipping-taxable","13":"purchasable","14":"product-type-simple"},"_links":{"self":[{"href":"https:\/\/www.hapy-com.fr\/echoppe\/wp-json\/wp\/v2\/product\/27991","targetHints":{"allow":["GET"]}}],"collection":[{"href":"https:\/\/www.hapy-com.fr\/echoppe\/wp-json\/wp\/v2\/product"}],"about":[{"href":"https:\/\/www.hapy-com.fr\/echoppe\/wp-json\/wp\/v2\/types\/product"}],"wp:featuredmedia":[{"embeddable":true,"href":"https:\/\/www.hapy-com.fr\/echoppe\/wp-json\/wp\/v2\/media\/28199"}],"wp:attachment":[{"href":"https:\/\/www.hapy-com.fr\/echoppe\/wp-json\/wp\/v2\/media?parent=27991"}],"wp:term":[{"taxonomy":"product_cat","embeddable":true,"href":"https:\/\/www.hapy-com.fr\/echoppe\/wp-json\/wp\/v2\/product_cat?post=27991"},{"taxonomy":"product_tag","embeddable":true,"href":"https:\/\/www.hapy-com.fr\/echoppe\/wp-json\/wp\/v2\/product_tag?post=27991"}],"curies":[{"name":"wp","href":"https:\/\/api.w.org\/{rel}","templated":true}]}}